{"id":58,"date":"2026-01-21T13:11:34","date_gmt":"2026-01-21T13:11:34","guid":{"rendered":"https:\/\/paprovn.com\/?page_id=58"},"modified":"2026-01-22T16:02:47","modified_gmt":"2026-01-22T16:02:47","slug":"ve-chung-toi","status":"publish","type":"page","link":"https:\/\/paprovn.com\/?page_id=58","title":{"rendered":"V\u1ec1 Ch\u00fang T\u00f4i"},"content":{"rendered":"\n<h5 class=\"wp-block-heading alignwide has-vivid-cyan-blue-background-color has-background has-small-font-size\"><a href=\"https:\/\/paprovn.com\/\" data-type=\"page\" data-id=\"9\">Trang Ch\u1ee7<\/a>  \/ V\u1ec1 Ch\u00fang T\u00f4i<\/h5>\n\n\n\n<h3 class=\"wp-block-heading has-text-align-center\">V\u1ec1 ch\u00fang t\u00f4i<\/h3>\n\n\n\n<div class=\"wp-block-uagb-container uagb-block-30bd985b alignfull uagb-is-root-container\"><div class=\"uagb-container-inner-blocks-wrap\">\n<div class=\"wp-block-uagb-container uagb-block-41fede1b\">\n<div class=\"wp-block-uagb-image uagb-block-06ffbdf1 wp-block-uagb-image--layout-default wp-block-uagb-image--effect-static wp-block-uagb-image--align-none\"><figure class=\"wp-block-uagb-image__figure\"><img decoding=\"async\" srcset=\"https:\/\/paprovn.com\/wp-content\/uploads\/2026\/01\/2.jpg ,https:\/\/paprovn.com\/wp-content\/uploads\/2026\/01\/2.jpg 780w, https:\/\/paprovn.com\/wp-content\/uploads\/2026\/01\/2.jpg 360w\" sizes=\"auto, (max-width: 480px) 150px\" src=\"https:\/\/paprovn.com\/wp-content\/uploads\/2026\/01\/2.jpg\" alt=\"\" class=\"uag-image-343\" width=\"338\" height=\"205\" title=\"2\" loading=\"lazy\" role=\"img\"\/><\/figure><\/div>\n<\/div>\n<\/div><\/div>\n\n\n\n<h4 class=\"wp-block-heading has-text-align-center has-large-font-size\">L\u1edcI GI\u1edaI THI\u1ec6U<\/h4>\n\n\n\n<hr class=\"wp-block-separator has-alpha-channel-opacity\"\/>\n\n\n\n<div class=\"wp-block-uagb-container uagb-block-7d26b556 alignfull uagb-is-root-container\"><div class=\"uagb-container-inner-blocks-wrap\">\n<p class=\"has-ast-global-color-2-color has-text-color has-link-color wp-elements-c2a20f160ad92794e55fbf5c05b419e7\" style=\"font-size:20px\">C\u00f4ng ty c\u1ed5 ph\u1ea7n Papro Vi\u1ec7t Nam l\u00e0 c\u00f4ng ty chuy\u00ean nghi\u1ec7p v\u1ec1 s\u1ea3n xu\u1ea5t c\u00e1c m\u1eb7t h\u00e0ng ti\u00eau d\u00f9ng v\u1edbi b\u1ec1 d\u00e0y kinh nghi\u1ec7m h\u01a1n 15 n\u0103m, nh\u00e0 m\u00e1y t\u1ecda l\u1ea1c t\u1ea1i Tam D\u01b0\u01a1ng, V\u0129nh Ph\u00fac l\u00e0 m\u1ed9t t\u1ec9nh trong v\u00f9ng kinh t\u1ebf tr\u1ecdng \u0111i\u1ec3m c\u1ee7a B\u1eafc B\u1ed9.<br><\/p>\n\n\n\n<div class=\"wp-block-uagb-container uagb-block-f1faa674\">\n<div class=\"wp-block-uagb-image uagb-block-d25b64da wp-block-uagb-image--layout-default wp-block-uagb-image--effect-static wp-block-uagb-image--align-none\"><figure class=\"wp-block-uagb-image__figure\"><img decoding=\"async\" srcset=\"https:\/\/paprovn.com\/wp-content\/uploads\/2026\/01\/DSC03736-2-1024x683.jpg ,https:\/\/paprovn.com\/wp-content\/uploads\/2026\/01\/DSC03736-2-scaled.jpg 780w, https:\/\/paprovn.com\/wp-content\/uploads\/2026\/01\/DSC03736-2-scaled.jpg 360w\" sizes=\"auto, (max-width: 480px) 150px\" src=\"https:\/\/paprovn.com\/wp-content\/uploads\/2026\/01\/DSC03736-2-1024x683.jpg\" alt=\"\" class=\"uag-image-113\" width=\"1024\" height=\"683\" title=\"DSC03736\" loading=\"lazy\" role=\"img\"\/><\/figure><\/div>\n<\/div>\n<\/div><\/div>\n\n\n\n<div class=\"wp-block-columns is-layout-flex wp-container-core-columns-is-layout-28f84493 wp-block-columns-is-layout-flex\">\n<div class=\"wp-block-column is-layout-flow wp-block-column-is-layout-flow\">\n<div class=\"wp-block-uagb-image uagb-block-09dfeab3 wp-block-uagb-image--layout-default wp-block-uagb-image--effect-static wp-block-uagb-image--align-none\"><figure class=\"wp-block-uagb-image__figure\"><img decoding=\"async\" srcset=\"https:\/\/paprovn.com\/wp-content\/uploads\/2026\/01\/DSC03868-1024x683.jpg ,https:\/\/paprovn.com\/wp-content\/uploads\/2026\/01\/DSC03868-scaled.jpg 780w, https:\/\/paprovn.com\/wp-content\/uploads\/2026\/01\/DSC03868-scaled.jpg 360w\" sizes=\"auto, (max-width: 480px) 150px\" src=\"https:\/\/paprovn.com\/wp-content\/uploads\/2026\/01\/DSC03868-1024x683.jpg\" alt=\"\" class=\"uag-image-115\" width=\"1024\" height=\"683\" title=\"DSC03868\" loading=\"lazy\" role=\"img\"\/><\/figure><\/div>\n<\/div>\n\n\n\n<div class=\"wp-block-column is-layout-flow wp-block-column-is-layout-flow\">\n<p class=\"has-ast-global-color-8-color has-text-color has-link-color wp-elements-e62c1b7152f284f5f2a6b43aafd56c51\" style=\"font-size:20px\">Ngay t\u1eeb ng\u00e0y th\u00e0nh l\u1eadp Papro \u0111\u00e3 cho ra th\u1ecb tr\u01b0\u1eddng nh\u1eefng s\u1ea3n ph\u1ea9m ch\u1ee7 l\u1ef1c nh\u01b0 gi\u1ea5y v\u1ec7 sinh, kh\u0103n \u01b0\u1edbt d\u00e0nh cho tr\u1ebb s\u01a1 sinh, kh\u0103n lau b\u1ebfp v\u00e0 \u0111\u00e3 \u0111\u01b0\u1ee3c ng\u01b0\u1eddi ti\u00eau d\u00f9ng nhi\u1ec1u t\u1ec9nh th\u00e0nh trong c\u1ea3 n\u01b0\u1edbc tin d\u00f9ng. Nay Papro ch\u00fang t\u00f4i ti\u1ebfp t\u1ee5c m\u1edf r\u1ed9ng quy m\u00f4 s\u1ea3n xu\u1ea5t v\u00e0 \u0111\u00e3 \u0111\u01b0a ra th\u1ecb tr\u01b0\u1eddng nhi\u1ec1u s\u1ea3n ph\u1ea9m m\u1edbi nh\u01b0 gi\u1ea5y cu\u1ed9n v\u1ec7 sinh c\u00f4ng nghi\u1ec7p, n\u01b0\u1edbc t\u1ea9y b\u1ed3n c\u1ea7u, n\u01b0\u1edbc gi\u1eb7t v\u00e0 nhi\u1ec1u m\u1eb7t h\u00e0ng thi\u1ebft y\u1ebfu kh\u00e1c ph\u1ee5c v\u1ee5 trong \u0111\u1eddi s\u1ed1ng c\u1ee7a m\u1ed7i gia \u0111\u00ecnh.<\/p>\n<\/div>\n<\/div>\n\n\n\n<div class=\"wp-block-columns is-layout-flex wp-container-core-columns-is-layout-28f84493 wp-block-columns-is-layout-flex\">\n<div class=\"wp-block-column is-vertically-aligned-center is-layout-flow wp-block-column-is-layout-flow\">\n<p class=\"has-text-align-left has-ast-global-color-8-color has-text-color has-link-color has-medium-font-size wp-elements-b7e82a89035fe180ae74bebc842956fc\">Trong nh\u1eefng n\u0103m qua Papro \u0111\u00e3 x\u00e2y d\u1ef1ng \u0111\u01b0\u1ee3c m\u1ea1ng l\u01b0\u1edbi ph\u00e2n ph\u1ed1i s\u1ea3n ph\u1ea9m tr\u1ea3i d\u00e0i t\u1eeb mi\u1ec1n B\u1eafc \u0111\u1ebfn Mi\u1ec1n Trung v\u00e0 nhi\u1ec1u h\u1ec7 th\u1ed1ng si\u00eau th\u1ecb, khu c\u00f4ng nghi\u1ec7p, c\u1eeda h\u00e0ng ti\u1ec7n l\u1ee3i c\u1eeda h\u00e0ng t\u1ea1p h\u00f3a truy\u1ec1n th\u1ed1ng.<\/p>\n<\/div>\n\n\n\n<div class=\"wp-block-column is-layout-flow wp-block-column-is-layout-flow\">\n<div class=\"wp-block-uagb-image uagb-block-d8c31d81 wp-block-uagb-image--layout-default wp-block-uagb-image--effect-static wp-block-uagb-image--align-none\"><figure class=\"wp-block-uagb-image__figure\"><img decoding=\"async\" srcset=\"https:\/\/paprovn.com\/wp-content\/uploads\/2026\/01\/z7437858587048_1c2ab1ae772a4a76cc1172b7f0af6745-1024x651.jpg ,https:\/\/paprovn.com\/wp-content\/uploads\/2026\/01\/z7437858587048_1c2ab1ae772a4a76cc1172b7f0af6745.jpg 780w, https:\/\/paprovn.com\/wp-content\/uploads\/2026\/01\/z7437858587048_1c2ab1ae772a4a76cc1172b7f0af6745.jpg 360w\" sizes=\"auto, (max-width: 480px) 150px\" src=\"https:\/\/paprovn.com\/wp-content\/uploads\/2026\/01\/z7437858587048_1c2ab1ae772a4a76cc1172b7f0af6745-1024x651.jpg\" alt=\"\" class=\"uag-image-118\" width=\"1024\" height=\"651\" title=\"z7437858587048_1c2ab1ae772a4a76cc1172b7f0af6745\" loading=\"lazy\" role=\"img\"\/><\/figure><\/div>\n<\/div>\n<\/div>\n\n\n\n<div class=\"wp-block-columns is-layout-flex wp-container-core-columns-is-layout-28f84493 wp-block-columns-is-layout-flex\">\n<div class=\"wp-block-column is-layout-flow wp-block-column-is-layout-flow\">\n<div class=\"wp-block-uagb-image uagb-block-29510c9b wp-block-uagb-image--layout-default wp-block-uagb-image--effect-static wp-block-uagb-image--align-none\"><figure class=\"wp-block-uagb-image__figure\"><img decoding=\"async\" srcset=\"https:\/\/paprovn.com\/wp-content\/uploads\/2026\/01\/z7437858587049_75d15aac0ed0a407294c69cf7627dd1f-1024x683.jpg ,https:\/\/paprovn.com\/wp-content\/uploads\/2026\/01\/z7437858587049_75d15aac0ed0a407294c69cf7627dd1f.jpg 780w, https:\/\/paprovn.com\/wp-content\/uploads\/2026\/01\/z7437858587049_75d15aac0ed0a407294c69cf7627dd1f.jpg 360w\" sizes=\"auto, (max-width: 480px) 150px\" src=\"https:\/\/paprovn.com\/wp-content\/uploads\/2026\/01\/z7437858587049_75d15aac0ed0a407294c69cf7627dd1f-1024x683.jpg\" alt=\"\" class=\"uag-image-119\" width=\"1024\" height=\"683\" title=\"z7437858587049_75d15aac0ed0a407294c69cf7627dd1f\" loading=\"lazy\" role=\"img\"\/><\/figure><\/div>\n<\/div>\n\n\n\n<div class=\"wp-block-column is-vertically-aligned-center is-layout-flow wp-block-column-is-layout-flow\">\n<p class=\"has-text-align-left has-ast-global-color-8-color has-text-color has-link-color has-medium-font-size wp-elements-8769aa3fb60f3d0631f452dc381c2203\">V\u1edbi m\u1ee5c ti\u00eau ph\u00e1t tri\u1ec3n \u201cti\u00ean phong v\u00e0 b\u1ec1n v\u1eefng\u201d, ngay t\u1eeb ng\u00e0y \u0111\u1ea7u PAPRO Vi\u1ec7t Nam \u0111\u00e3 kh\u00f4ng ng\u1eebng tuy\u1ec3n d\u1ee5ng, \u0111\u00e0o t\u1ea1o \u0111\u1ed9i ng\u0169 nh\u00e2n vi\u00ean, \u1ee9ng d\u1ee5ng c\u00f4ng ngh\u1ec7 ti\u00ean ti\u1ebfn, \u0111\u1ed9c \u0111\u00e1o trong n\u01b0\u1edbc v\u00e0 th\u1ebf gi\u1edbi \u0111\u1ec3 t\u1ea1o ra nh\u1eefng s\u1ea3n ph\u1ea9m v\u00e0 d\u1ecbch v\u1ee5 t\u1ed1t nh\u1ea5t, th\u1ecfa m\u00e3n nhu c\u1ea7u c\u1ee7a ng\u01b0\u1eddi ti\u00eau d\u00f9ng v\u1ec1 gi\u00e1 c\u1ea3 c\u0169ng nh\u01b0 ch\u1ea5t l\u01b0\u1ee3ng c\u1ee7a s\u1ea3n ph\u1ea9m.<\/p>\n<\/div>\n<\/div>\n\n\n\n<div class=\"wp-block-columns is-layout-flex wp-container-core-columns-is-layout-28f84493 wp-block-columns-is-layout-flex\">\n<div class=\"wp-block-column is-vertically-aligned-center is-layout-flow wp-block-column-is-layout-flow\">\n<p class=\"has-ast-global-color-8-color has-text-color has-link-color has-medium-font-size wp-elements-78e3243bb7982d705bc68b9507accfd4\">S\u1ef1 tin t\u01b0\u1edfng v\u00e0 \u1ee7ng h\u1ed9 c\u1ee7a kh\u00e1ch h\u00e0ng trong su\u1ed1t th\u1eddi gian qua l\u00e0 ngu\u1ed3n \u0111\u1ed9ng vi\u00ean to l\u1edbn tr\u00ean b\u01b0\u1edbc \u0111\u01b0\u1eddng ph\u00e1t tri\u1ec3n c\u1ee7a PAPRO Vi\u1ec7t Nam. Ch\u00fang t\u00f4i xin h\u1ee9a s\u1ebd kh\u00f4ng ng\u1eebng ho\u00e0n thi\u1ec7n, ph\u1ee5c v\u1ee5 kh\u00e1ch h\u00e0ng t\u1ed1t nh\u1ea5t \u0111\u1ec3 lu\u00f4n x\u1ee9ng \u0111\u00e1ng v\u1edbi ni\u1ec1m tin \u1ea5y.<\/p>\n<\/div>\n\n\n\n<div class=\"wp-block-column is-layout-flow wp-block-column-is-layout-flow\">\n<div class=\"wp-block-group is-layout-constrained wp-block-group-is-layout-constrained\">\n<div class=\"wp-block-uagb-image uagb-block-c2e7d824 wp-block-uagb-image--layout-default wp-block-uagb-image--effect-static wp-block-uagb-image--align-none\"><figure class=\"wp-block-uagb-image__figure\"><img decoding=\"async\" srcset=\"https:\/\/paprovn.com\/wp-content\/uploads\/2026\/01\/z7437860654306_ef898889eaea0a3c0d9b6ac72435b106-768x1024.jpg ,https:\/\/paprovn.com\/wp-content\/uploads\/2026\/01\/z7437860654306_ef898889eaea0a3c0d9b6ac72435b106-e1769007478707.jpg 780w, https:\/\/paprovn.com\/wp-content\/uploads\/2026\/01\/z7437860654306_ef898889eaea0a3c0d9b6ac72435b106-e1769007478707.jpg 360w\" sizes=\"auto, (max-width: 480px) 150px\" src=\"https:\/\/paprovn.com\/wp-content\/uploads\/2026\/01\/z7437860654306_ef898889eaea0a3c0d9b6ac72435b106-768x1024.jpg\" alt=\"\" class=\"uag-image-123\" width=\"373\" height=\"460\" title=\"z7437860654306_ef898889eaea0a3c0d9b6ac72435b106\" loading=\"lazy\" role=\"img\"\/><\/figure><\/div>\n<\/div>\n<\/div>\n<\/div>\n","protected":false},"excerpt":{"rendered":"<p>Trang Ch\u1ee7 \/ V\u1ec1 Ch\u00fang T\u00f4i V\u1ec1 ch\u00fang t\u00f4i L\u1edcI GI\u1edaI THI\u1ec6U C\u00f4ng ty c\u1ed5 ph\u1ea7n Papro Vi\u1ec7t Nam l\u00e0 c\u00f4ng ty chuy\u00ean nghi\u1ec7p v\u1ec1 s\u1ea3n xu\u1ea5t c\u00e1c m\u1eb7t h\u00e0ng ti\u00eau d\u00f9ng v\u1edbi b\u1ec1 d\u00e0y kinh nghi\u1ec7m h\u01a1n 15 n\u0103m, nh\u00e0 m\u00e1y t\u1ecda l\u1ea1c t\u1ea1i Tam D\u01b0\u01a1ng, V\u0129nh Ph\u00fac l\u00e0 m\u1ed9t t\u1ec9nh trong v\u00f9ng kinh [&hellip;]<\/p>\n","protected":false},"author":1,"featured_media":0,"parent":0,"menu_order":0,"comment_status":"closed","ping_status":"closed","template":"","meta":{"_uag_custom_page_level_css":"","site-sidebar-layout":"default","site-content-layout":"","ast-site-content-layout":"default","site-content-style":"default","site-sidebar-style":"default","ast-global-header-display":"","ast-banner-title-visibility":"","ast-main-header-display":"","ast-hfb-above-header-display":"","ast-hfb-below-header-display":"","ast-hfb-mobile-header-display":"","site-post-title":"disabled","ast-breadcrumbs-content":"","ast-featured-img":"","footer-sml-layout":"","ast-disable-related-posts":"","theme-transparent-header-meta":"","adv-header-id-meta":"","stick-header-meta":"","header-above-stick-meta":"","header-main-stick-meta":"","header-below-stick-meta":"","astra-migrate-meta-layouts":"default","ast-page-background-enabled":"default","ast-page-background-meta":{"desktop":{"background-color":"var(--ast-global-color-5)","background-image":"","background-repeat":"repeat","background-position":"center center","background-size":"auto","background-attachment":"scroll","background-type":"","background-media":"","overlay-type":"","overlay-color":"","overlay-opacity":"","overlay-gradient":""},"tablet":{"background-color":"","background-image":"","background-repeat":"repeat","background-position":"center center","background-size":"auto","background-attachment":"scroll","background-type":"","background-media":"","overlay-type":"","overlay-color":"","overlay-opacity":"","overlay-gradient":""},"mobile":{"background-color":"","background-image":"","background-repeat":"repeat","background-position":"center center","background-size":"auto","background-attachment":"scroll","background-type":"","background-media":"","overlay-type":"","overlay-color":"","overlay-opacity":"","overlay-gradient":""}},"ast-content-background-meta":{"desktop":{"background-color":"var(--ast-global-color-4)","background-image":"","background-repeat":"repeat","background-position":"center center","background-size":"auto","background-attachment":"scroll","background-type":"","background-media":"","overlay-type":"","overlay-color":"","overlay-opacity":"","overlay-gradient":""},"tablet":{"background-color":"var(--ast-global-color-4)","background-image":"","background-repeat":"repeat","background-position":"center center","background-size":"auto","background-attachment":"scroll","background-type":"","background-media":"","overlay-type":"","overlay-color":"","overlay-opacity":"","overlay-gradient":""},"mobile":{"background-color":"var(--ast-global-color-4)","background-image":"","background-repeat":"repeat","background-position":"center center","background-size":"auto","background-attachment":"scroll","background-type":"","background-media":"","overlay-type":"","overlay-color":"","overlay-opacity":"","overlay-gradient":""}},"footnotes":""},"class_list":["post-58","page","type-page","status-publish","hentry"],"uagb_featured_image_src":{"full":false,"thumbnail":false,"medium":false,"medium_large":false,"large":false,"1536x1536":false,"2048x2048":false},"uagb_author_info":{"display_name":"admin","author_link":"https:\/\/paprovn.com\/?author=1"},"uagb_comment_info":0,"uagb_excerpt":"Trang Ch\u1ee7 \/ V\u1ec1 Ch\u00fang T\u00f4i V\u1ec1 ch\u00fang t\u00f4i L\u1edcI GI\u1edaI THI\u1ec6U C\u00f4ng ty c\u1ed5 ph\u1ea7n Papro Vi\u1ec7t Nam l\u00e0 c\u00f4ng ty chuy\u00ean nghi\u1ec7p v\u1ec1 s\u1ea3n xu\u1ea5t c\u00e1c m\u1eb7t h\u00e0ng ti\u00eau d\u00f9ng v\u1edbi b\u1ec1 d\u00e0y kinh nghi\u1ec7m h\u01a1n 15 n\u0103m, nh\u00e0 m\u00e1y t\u1ecda l\u1ea1c t\u1ea1i Tam D\u01b0\u01a1ng, V\u0129nh Ph\u00fac l\u00e0 m\u1ed9t t\u1ec9nh trong v\u00f9ng kinh&hellip;","_links":{"self":[{"href":"https:\/\/paprovn.com\/index.php?rest_route=\/wp\/v2\/pages\/58","targetHints":{"allow":["GET"]}}],"collection":[{"href":"https:\/\/paprovn.com\/index.php?rest_route=\/wp\/v2\/pages"}],"about":[{"href":"https:\/\/paprovn.com\/index.php?rest_route=\/wp\/v2\/types\/page"}],"author":[{"embeddable":true,"href":"https:\/\/paprovn.com\/index.php?rest_route=\/wp\/v2\/users\/1"}],"replies":[{"embeddable":true,"href":"https:\/\/paprovn.com\/index.php?rest_route=%2Fwp%2Fv2%2Fcomments&post=58"}],"version-history":[{"count":21,"href":"https:\/\/paprovn.com\/index.php?rest_route=\/wp\/v2\/pages\/58\/revisions"}],"predecessor-version":[{"id":344,"href":"https:\/\/paprovn.com\/index.php?rest_route=\/wp\/v2\/pages\/58\/revisions\/344"}],"wp:attachment":[{"href":"https:\/\/paprovn.com\/index.php?rest_route=%2Fwp%2Fv2%2Fmedia&parent=58"}],"curies":[{"name":"wp","href":"https:\/\/api.w.org\/{rel}","templated":true}]}}