{"id":306,"date":"2026-01-22T14:55:34","date_gmt":"2026-01-22T14:55:34","guid":{"rendered":"https:\/\/paprovn.com\/?page_id=306"},"modified":"2026-01-23T13:51:15","modified_gmt":"2026-01-23T13:51:15","slug":"nuoc-rua-chen-pinto","status":"publish","type":"page","link":"https:\/\/paprovn.com\/?page_id=306","title":{"rendered":"N\u01af\u1edaC R\u1eecA CH\u00c9N PINTO"},"content":{"rendered":"\n<div class=\"wp-block-uagb-container uagb-block-f324764c alignfull uagb-is-root-container\"><div class=\"uagb-container-inner-blocks-wrap\">\n<h5 class=\"wp-block-heading alignwide has-vivid-cyan-blue-background-color has-background has-small-font-size\"><a href=\"https:\/\/paprovn.com\/\" data-type=\"page\" data-id=\"9\">Trang Ch\u1ee7<\/a> \/ <a href=\"https:\/\/paprovn.com\/?page_id=60\" data-type=\"page\" data-id=\"60\">S\u1ea3n Ph\u1ea9m <\/a>\/ N\u01af\u1edaC R\u1eecA CH\u00c9N PINTO<\/h5>\n\n\n\n<h3 class=\"wp-block-heading has-text-align-center\">N\u01af\u1edaC R\u1eecA CH\u00c9N PINTO<\/h3>\n<\/div><\/div>\n\n\n\n<div class=\"wp-block-uagb-container uagb-block-9c937aee alignfull uagb-is-root-container\"><div class=\"uagb-container-inner-blocks-wrap\">\n<div class=\"wp-block-media-text is-stacked-on-mobile is-vertically-aligned-center\" style=\"border-width:1px;border-top-left-radius:20px;border-top-right-radius:20px;border-bottom-left-radius:20px;border-bottom-right-radius:20px;padding-top:var(--wp--preset--spacing--40);padding-right:var(--wp--preset--spacing--40);padding-bottom:var(--wp--preset--spacing--40);padding-left:var(--wp--preset--spacing--40)\"><figure class=\"wp-block-media-text__media\"><img loading=\"lazy\" decoding=\"async\" width=\"228\" height=\"226\" src=\"https:\/\/paprovn.com\/wp-content\/uploads\/2026\/01\/57.png\" alt=\"\" class=\"wp-image-309 size-full\" srcset=\"https:\/\/paprovn.com\/wp-content\/uploads\/2026\/01\/57.png 228w, https:\/\/paprovn.com\/wp-content\/uploads\/2026\/01\/57-150x150.png 150w\" sizes=\"auto, (max-width: 228px) 100vw, 228px\" \/><\/figure><div class=\"wp-block-media-text__content\">\n<h6 class=\"wp-block-heading\">N\u01af\u1edaC R\u1eecA CH\u00c9N PINTO 400ML<\/h6>\n\n\n\n<p class=\"has-ast-global-color-8-color has-text-color has-link-color wp-elements-4ab4241f4efd0f4c033816f0b7765928\">M\u00f9i h\u01b0\u01a1ng: Cam, Kiwi, D\u00e2u t\u00e2y, Chanh<br>Th\u1ec3 t\u00edch th\u1ef1c : 400ml<br>Xu\u1ea5t x\u1ee9: Th\u00e1i Lan<br>Quy c\u00e1ch \u0111\u00f3ng g\u00f3i: 24 chai\/ th\u00f9ng<\/p>\n\n\n\n<p><\/p>\n<\/div><\/div>\n\n\n\n<div class=\"wp-block-media-text is-stacked-on-mobile is-vertically-aligned-center\" style=\"border-width:1px;border-top-left-radius:20px;border-top-right-radius:20px;border-bottom-left-radius:20px;border-bottom-right-radius:20px;padding-top:var(--wp--preset--spacing--40);padding-right:var(--wp--preset--spacing--40);padding-bottom:var(--wp--preset--spacing--40);padding-left:var(--wp--preset--spacing--40);grid-template-columns:54% auto\"><figure class=\"wp-block-media-text__media\"><img loading=\"lazy\" decoding=\"async\" width=\"253\" height=\"167\" src=\"https:\/\/paprovn.com\/wp-content\/uploads\/2026\/01\/55-1.png\" alt=\"\" class=\"wp-image-307 size-full\"\/><\/figure><div class=\"wp-block-media-text__content\">\n<h6 class=\"wp-block-heading\">N\u01af\u1edaC R\u1eecA CH\u00c9N PINTO 400ML<\/h6>\n\n\n\n<p class=\"has-ast-global-color-8-color has-text-color has-link-color wp-elements-ef2eda55377c14d5699ab711cedab182\">M\u00f9i h\u01b0\u01a1ng: D\u00e2u t\u00e2y, Kiwi, Cam<br>Th\u1ec3 t\u00edch th\u1ef1c : 450ml<br>Xu\u1ea5t x\u1ee9: Th\u00e1i Lan<br>Quy c\u00e1ch \u0111\u00f3ng g\u00f3i: 24 g\u00f3i\/ th\u00f9ng<\/p>\n\n\n\n<p><\/p>\n<\/div><\/div>\n<\/div><\/div>\n\n\n\n<div class=\"wp-block-uagb-container uagb-block-fbcd03d9 alignfull uagb-is-root-container\"><div class=\"uagb-container-inner-blocks-wrap\">\n<div class=\"wp-block-media-text is-stacked-on-mobile is-vertically-aligned-center\" style=\"border-width:1px;border-top-left-radius:20px;border-top-right-radius:20px;border-bottom-left-radius:20px;border-bottom-right-radius:20px;padding-top:var(--wp--preset--spacing--40);padding-right:var(--wp--preset--spacing--40);padding-bottom:var(--wp--preset--spacing--40);padding-left:var(--wp--preset--spacing--40)\"><figure class=\"wp-block-media-text__media\"><img loading=\"lazy\" decoding=\"async\" width=\"165\" height=\"178\" src=\"https:\/\/paprovn.com\/wp-content\/uploads\/2026\/01\/56.png\" alt=\"\" class=\"wp-image-308 size-full\"\/><\/figure><div class=\"wp-block-media-text__content\">\n<h6 class=\"wp-block-heading\">N\u01af\u1edaC R\u1eecA CH\u00c9N PINTO 750ML<\/h6>\n\n\n\n<p class=\"has-ast-global-color-8-color has-text-color has-link-color wp-elements-8b31b42bbcc1defdafedbc462fd8d4fc\">M\u00f9i h\u01b0\u01a1ng: Chanh<br>Th\u1ec3 t\u00edch th\u1ef1c : 750ml<br>Xu\u1ea5t x\u1ee9: Th\u00e1i Lan<br>Quy c\u00e1ch \u0111\u00f3ng g\u00f3i: 12 chai\/ th\u00f9ng<\/p>\n\n\n\n<p><\/p>\n<\/div><\/div>\n\n\n\n<div class=\"wp-block-media-text is-stacked-on-mobile is-vertically-aligned-center\" style=\"border-width:1px;border-top-left-radius:20px;border-top-right-radius:20px;border-bottom-left-radius:20px;border-bottom-right-radius:20px;padding-top:var(--wp--preset--spacing--40);padding-right:var(--wp--preset--spacing--40);padding-bottom:var(--wp--preset--spacing--40);padding-left:var(--wp--preset--spacing--40)\"><figure class=\"wp-block-media-text__media\"><img loading=\"lazy\" decoding=\"async\" width=\"202\" height=\"226\" src=\"https:\/\/paprovn.com\/wp-content\/uploads\/2026\/01\/58-1.png\" alt=\"\" class=\"wp-image-310 size-full\"\/><\/figure><div class=\"wp-block-media-text__content\">\n<h6 class=\"wp-block-heading\">N\u01af\u1edaC R\u1eecA CH\u00c9N PINTO 800ML<\/h6>\n\n\n\n<p class=\"has-ast-global-color-8-color has-text-color has-link-color wp-elements-69e7f7f87a2fd8dce98504c070500250\">M\u00f9i h\u01b0\u01a1ng: Chanh<br>Th\u1ec3 t\u00edch th\u1ef1c : 800ml<br>Xu\u1ea5t x\u1ee9: Th\u00e1i Lan<br>Quy c\u00e1ch \u0111\u00f3ng g\u00f3i: 12 chai\/ th\u00f9ng<\/p>\n\n\n\n<p><\/p>\n<\/div><\/div>\n<\/div><\/div>\n\n\n\n<div class=\"wp-block-uagb-container uagb-block-43d482f3 alignfull uagb-is-root-container\"><div class=\"uagb-container-inner-blocks-wrap\">\n<div class=\"wp-block-media-text is-stacked-on-mobile is-vertically-aligned-center\" style=\"border-width:1px;border-top-left-radius:20px;border-top-right-radius:20px;border-bottom-left-radius:20px;border-bottom-right-radius:20px;padding-top:var(--wp--preset--spacing--40);padding-right:var(--wp--preset--spacing--40);padding-bottom:var(--wp--preset--spacing--40);padding-left:var(--wp--preset--spacing--40);grid-template-columns:54% auto\"><figure class=\"wp-block-media-text__media\"><img loading=\"lazy\" decoding=\"async\" width=\"228\" height=\"226\" src=\"https:\/\/paprovn.com\/wp-content\/uploads\/2026\/01\/57.png\" alt=\"\" class=\"wp-image-309 size-full\" srcset=\"https:\/\/paprovn.com\/wp-content\/uploads\/2026\/01\/57.png 228w, https:\/\/paprovn.com\/wp-content\/uploads\/2026\/01\/57-150x150.png 150w\" sizes=\"auto, (max-width: 228px) 100vw, 228px\" \/><\/figure><div class=\"wp-block-media-text__content\">\n<h6 class=\"wp-block-heading\">N\u01af\u1edaC R\u1eecA CH\u00c9N PINTO 800ML<\/h6>\n\n\n\n<p class=\"has-ast-global-color-8-color has-text-color has-link-color wp-elements-eafce18649358c839942415057e6480c\">M\u00f9i h\u01b0\u01a1ng: Cam, Kiwi, D\u00e2u t\u00e2y, Chanh<br>Th\u1ec3 t\u00edch th\u1ef1c : 800ml<br>Xu\u1ea5t x\u1ee9: Th\u00e1i Lan<br>Quy c\u00e1ch \u0111\u00f3ng g\u00f3i: 12 chai\/ th\u00f9ng<\/p>\n\n\n\n<p><\/p>\n<\/div><\/div>\n\n\n\n<div class=\"wp-block-media-text is-stacked-on-mobile is-vertically-aligned-center\" style=\"border-width:1px;border-top-left-radius:20px;border-top-right-radius:20px;border-bottom-left-radius:20px;border-bottom-right-radius:20px;padding-top:var(--wp--preset--spacing--40);padding-right:var(--wp--preset--spacing--40);padding-bottom:var(--wp--preset--spacing--40);padding-left:var(--wp--preset--spacing--40)\"><figure class=\"wp-block-media-text__media\"><img loading=\"lazy\" decoding=\"async\" width=\"296\" height=\"213\" src=\"https:\/\/paprovn.com\/wp-content\/uploads\/2026\/01\/60-1.png\" alt=\"\" class=\"wp-image-312 size-full\"\/><\/figure><div class=\"wp-block-media-text__content\">\n<h6 class=\"wp-block-heading\">N\u01af\u1edaC R\u1eecA CH\u00c9N PINTO 1800ML<\/h6>\n\n\n\n<p class=\"has-ast-global-color-8-color has-text-color has-link-color wp-elements-f35cc1ece2fa0132d83acf23cde345b7\">M\u00f9i h\u01b0\u01a1ng: Kh\u00f4ng m\u00f9i. Kiwi, Chanh<br>Th\u1ec3 t\u00edch th\u1ef1c : 1800ml<br>Xu\u1ea5t x\u1ee9: Th\u00e1i Lan<br>Quy c\u00e1ch \u0111\u00f3ng g\u00f3i: 6 chai\/ th\u00f9ng<\/p>\n\n\n\n<p><\/p>\n<\/div><\/div>\n<\/div><\/div>\n\n\n\n<div class=\"wp-block-uagb-container uagb-block-c3a56ecc alignfull uagb-is-root-container\"><div class=\"uagb-container-inner-blocks-wrap\">\n<div class=\"wp-block-media-text is-stacked-on-mobile is-vertically-aligned-center\" style=\"border-width:1px;border-top-left-radius:20px;border-top-right-radius:20px;border-bottom-left-radius:20px;border-bottom-right-radius:20px;padding-top:var(--wp--preset--spacing--40);padding-right:var(--wp--preset--spacing--40);padding-bottom:var(--wp--preset--spacing--40);padding-left:var(--wp--preset--spacing--40)\"><figure class=\"wp-block-media-text__media\"><img loading=\"lazy\" decoding=\"async\" width=\"312\" height=\"207\" src=\"https:\/\/paprovn.com\/wp-content\/uploads\/2026\/01\/59.png\" alt=\"\" class=\"wp-image-311 size-full\" srcset=\"https:\/\/paprovn.com\/wp-content\/uploads\/2026\/01\/59.png 312w, https:\/\/paprovn.com\/wp-content\/uploads\/2026\/01\/59-300x199.png 300w\" sizes=\"auto, (max-width: 312px) 100vw, 312px\" \/><\/figure><div class=\"wp-block-media-text__content\">\n<h6 class=\"wp-block-heading\">N\u01af\u1edaC R\u1eecA CH\u00c9N PINTO 3800ML<\/h6>\n\n\n\n<p class=\"has-ast-global-color-8-color has-text-color has-link-color wp-elements-8677de1caa73a12937de8f291e00811d\">M\u00f9i h\u01b0\u01a1ng: Kh\u00f4ng m\u00f9i. Kiwi, Chanh<br>Th\u1ec3 t\u00edch th\u1ef1c : 3800ml<br>Xu\u1ea5t x\u1ee9: Th\u00e1i Lan<br>Quy c\u00e1ch \u0111\u00f3ng g\u00f3i: 4 chai\/ th\u00f9ng<\/p>\n\n\n\n<p><\/p>\n<\/div><\/div>\n\n\n\n<div class=\"wp-block-media-text is-stacked-on-mobile is-vertically-aligned-center\" style=\"border-style:none;border-width:0px;border-top-left-radius:20px;border-top-right-radius:20px;border-bottom-left-radius:20px;border-bottom-right-radius:20px;padding-top:var(--wp--preset--spacing--40);padding-right:var(--wp--preset--spacing--40);padding-bottom:var(--wp--preset--spacing--40);padding-left:var(--wp--preset--spacing--40)\"><figure class=\"wp-block-media-text__media\"><\/figure><div class=\"wp-block-media-text__content\">\n<h6 class=\"wp-block-heading\"><\/h6>\n\n\n\n<p class=\"has-ast-global-color-8-color has-text-color has-link-color wp-elements-dcf4862251ccfec1fb9c7dc90adbb81d\"><\/p>\n\n\n\n<p><\/p>\n<\/div><\/div>\n<\/div><\/div>\n\n\n\n<p><\/p>\n","protected":false},"excerpt":{"rendered":"<p>Trang Ch\u1ee7 \/ S\u1ea3n Ph\u1ea9m \/ N\u01af\u1edaC R\u1eecA CH\u00c9N PINTO N\u01af\u1edaC R\u1eecA CH\u00c9N PINTO N\u01af\u1edaC R\u1eecA CH\u00c9N PINTO 400ML M\u00f9i h\u01b0\u01a1ng: Cam, Kiwi, D\u00e2u t\u00e2y, ChanhTh\u1ec3 t\u00edch th\u1ef1c : 400mlXu\u1ea5t x\u1ee9: Th\u00e1i LanQuy c\u00e1ch \u0111\u00f3ng g\u00f3i: 24 chai\/ th\u00f9ng N\u01af\u1edaC R\u1eecA CH\u00c9N PINTO 400ML M\u00f9i h\u01b0\u01a1ng: D\u00e2u t\u00e2y, Kiwi, CamTh\u1ec3 t\u00edch th\u1ef1c : 450mlXu\u1ea5t x\u1ee9: [&hellip;]<\/p>\n","protected":false},"author":1,"featured_media":0,"parent":0,"menu_order":0,"comment_status":"closed","ping_status":"closed","template":"","meta":{"_uag_custom_page_level_css":"","site-sidebar-layout":"default","site-content-layout":"","ast-site-content-layout":"default","site-content-style":"default","site-sidebar-style":"default","ast-global-header-display":"","ast-banner-title-visibility":"","ast-main-header-display":"","ast-hfb-above-header-display":"","ast-hfb-below-header-display":"","ast-hfb-mobile-header-display":"","site-post-title":"disabled","ast-breadcrumbs-content":"","ast-featured-img":"","footer-sml-layout":"","ast-disable-related-posts":"","theme-transparent-header-meta":"","adv-header-id-meta":"","stick-header-meta":"","header-above-stick-meta":"","header-main-stick-meta":"","header-below-stick-meta":"","astra-migrate-meta-layouts":"default","ast-page-background-enabled":"default","ast-page-background-meta":{"desktop":{"background-color":"var(--ast-global-color-5)","background-image":"","background-repeat":"repeat","background-position":"center center","background-size":"auto","background-attachment":"scroll","background-type":"","background-media":"","overlay-type":"","overlay-color":"","overlay-opacity":"","overlay-gradient":""},"tablet":{"background-color":"","background-image":"","background-repeat":"repeat","background-position":"center center","background-size":"auto","background-attachment":"scroll","background-type":"","background-media":"","overlay-type":"","overlay-color":"","overlay-opacity":"","overlay-gradient":""},"mobile":{"background-color":"","background-image":"","background-repeat":"repeat","background-position":"center center","background-size":"auto","background-attachment":"scroll","background-type":"","background-media":"","overlay-type":"","overlay-color":"","overlay-opacity":"","overlay-gradient":""}},"ast-content-background-meta":{"desktop":{"background-color":"var(--ast-global-color-4)","background-image":"","background-repeat":"repeat","background-position":"center center","background-size":"auto","background-attachment":"scroll","background-type":"","background-media":"","overlay-type":"","overlay-color":"","overlay-opacity":"","overlay-gradient":""},"tablet":{"background-color":"var(--ast-global-color-4)","background-image":"","background-repeat":"repeat","background-position":"center center","background-size":"auto","background-attachment":"scroll","background-type":"","background-media":"","overlay-type":"","overlay-color":"","overlay-opacity":"","overlay-gradient":""},"mobile":{"background-color":"var(--ast-global-color-4)","background-image":"","background-repeat":"repeat","background-position":"center center","background-size":"auto","background-attachment":"scroll","background-type":"","background-media":"","overlay-type":"","overlay-color":"","overlay-opacity":"","overlay-gradient":""}},"footnotes":""},"class_list":["post-306","page","type-page","status-publish","hentry"],"uagb_featured_image_src":{"full":false,"thumbnail":false,"medium":false,"medium_large":false,"large":false,"1536x1536":false,"2048x2048":false},"uagb_author_info":{"display_name":"admin","author_link":"https:\/\/paprovn.com\/?author=1"},"uagb_comment_info":0,"uagb_excerpt":"Trang Ch\u1ee7 \/ S\u1ea3n Ph\u1ea9m \/ N\u01af\u1edaC R\u1eecA CH\u00c9N PINTO N\u01af\u1edaC R\u1eecA CH\u00c9N PINTO N\u01af\u1edaC R\u1eecA CH\u00c9N PINTO 400ML M\u00f9i h\u01b0\u01a1ng: Cam, Kiwi, D\u00e2u t\u00e2y, ChanhTh\u1ec3 t\u00edch th\u1ef1c : 400mlXu\u1ea5t x\u1ee9: Th\u00e1i LanQuy c\u00e1ch \u0111\u00f3ng g\u00f3i: 24 chai\/ th\u00f9ng N\u01af\u1edaC R\u1eecA CH\u00c9N PINTO 400ML M\u00f9i h\u01b0\u01a1ng: D\u00e2u t\u00e2y, Kiwi, CamTh\u1ec3 t\u00edch th\u1ef1c : 450mlXu\u1ea5t x\u1ee9:&hellip;","_links":{"self":[{"href":"https:\/\/paprovn.com\/index.php?rest_route=\/wp\/v2\/pages\/306","targetHints":{"allow":["GET"]}}],"collection":[{"href":"https:\/\/paprovn.com\/index.php?rest_route=\/wp\/v2\/pages"}],"about":[{"href":"https:\/\/paprovn.com\/index.php?rest_route=\/wp\/v2\/types\/page"}],"author":[{"embeddable":true,"href":"https:\/\/paprovn.com\/index.php?rest_route=\/wp\/v2\/users\/1"}],"replies":[{"embeddable":true,"href":"https:\/\/paprovn.com\/index.php?rest_route=%2Fwp%2Fv2%2Fcomments&post=306"}],"version-history":[{"count":4,"href":"https:\/\/paprovn.com\/index.php?rest_route=\/wp\/v2\/pages\/306\/revisions"}],"predecessor-version":[{"id":401,"href":"https:\/\/paprovn.com\/index.php?rest_route=\/wp\/v2\/pages\/306\/revisions\/401"}],"wp:attachment":[{"href":"https:\/\/paprovn.com\/index.php?rest_route=%2Fwp%2Fv2%2Fmedia&parent=306"}],"curies":[{"name":"wp","href":"https:\/\/api.w.org\/{rel}","templated":true}]}}