{"id":300,"date":"2026-01-22T14:52:24","date_gmt":"2026-01-22T14:52:24","guid":{"rendered":"https:\/\/paprovn.com\/?page_id=300"},"modified":"2026-01-23T13:50:53","modified_gmt":"2026-01-23T13:50:53","slug":"nuoc-giat-oshin","status":"publish","type":"page","link":"https:\/\/paprovn.com\/?page_id=300","title":{"rendered":"N\u01af\u1edaC GI\u1eb6T OSHIN"},"content":{"rendered":"\n<div class=\"wp-block-uagb-container uagb-block-f324764c alignfull uagb-is-root-container\"><div class=\"uagb-container-inner-blocks-wrap\">\n<h5 class=\"wp-block-heading alignwide has-vivid-cyan-blue-background-color has-background has-small-font-size\"><a href=\"https:\/\/paprovn.com\/\" data-type=\"page\" data-id=\"9\">Trang Ch\u1ee7<\/a> \/ <a href=\"https:\/\/paprovn.com\/?page_id=60\" data-type=\"page\" data-id=\"60\">S\u1ea3n Ph\u1ea9m <\/a>\/ N\u01af\u1edaC GI\u1eb6T OSHIN<\/h5>\n\n\n\n<h3 class=\"wp-block-heading has-text-align-center\">N\u01af\u1edaC GI\u1eb6T OSHIN<\/h3>\n<\/div><\/div>\n\n\n\n<div class=\"wp-block-uagb-container uagb-block-9c937aee alignfull uagb-is-root-container\"><div class=\"uagb-container-inner-blocks-wrap\">\n<div class=\"wp-block-media-text is-stacked-on-mobile is-vertically-aligned-center\" style=\"border-width:1px;border-top-left-radius:20px;border-top-right-radius:20px;border-bottom-left-radius:20px;border-bottom-right-radius:20px;padding-top:var(--wp--preset--spacing--40);padding-right:var(--wp--preset--spacing--40);padding-bottom:var(--wp--preset--spacing--40);padding-left:var(--wp--preset--spacing--40)\"><figure class=\"wp-block-media-text__media\"><img loading=\"lazy\" decoding=\"async\" width=\"213\" height=\"298\" src=\"https:\/\/paprovn.com\/wp-content\/uploads\/2026\/01\/49-1.png\" alt=\"\" class=\"wp-image-302 size-full\"\/><\/figure><div class=\"wp-block-media-text__content\">\n<h6 class=\"wp-block-heading\">N\u01af\u1edaC GI\u1eb6T OSHIN M\u00c0U H\u1ed2NG<\/h6>\n\n\n\n<p class=\"has-ast-global-color-8-color has-text-color has-link-color wp-elements-72ee4785c99ac78f00dc31cdb21f4f4e\">Th\u1ec3 t\u00edch th\u1ef1c : 3500ml<br>M\u00f9i h\u01b0\u01a1ng : N\u01b0\u1edbc hoa Ph\u00e1p<br>Quy c\u00e1ch \u0111\u00f3ng g\u00f3i: 4 can\/ th\u00f9ng<\/p>\n\n\n\n<p><\/p>\n<\/div><\/div>\n\n\n\n<div class=\"wp-block-media-text is-stacked-on-mobile is-vertically-aligned-center\" style=\"border-width:1px;border-top-left-radius:20px;border-top-right-radius:20px;border-bottom-left-radius:20px;border-bottom-right-radius:20px;padding-top:var(--wp--preset--spacing--40);padding-right:var(--wp--preset--spacing--40);padding-bottom:var(--wp--preset--spacing--40);padding-left:var(--wp--preset--spacing--40);grid-template-columns:52% auto\"><figure class=\"wp-block-media-text__media\"><img loading=\"lazy\" decoding=\"async\" width=\"225\" height=\"303\" src=\"https:\/\/paprovn.com\/wp-content\/uploads\/2026\/01\/48.png\" alt=\"\" class=\"wp-image-301 size-full\" srcset=\"https:\/\/paprovn.com\/wp-content\/uploads\/2026\/01\/48.png 225w, https:\/\/paprovn.com\/wp-content\/uploads\/2026\/01\/48-223x300.png 223w\" sizes=\"auto, (max-width: 225px) 100vw, 225px\" \/><\/figure><div class=\"wp-block-media-text__content\">\n<h6 class=\"wp-block-heading\">N\u01af\u1edaC GI\u1eb6T OSHIN M\u00c0U T\u00cdM<\/h6>\n\n\n\n<p class=\"has-ast-global-color-8-color has-text-color has-link-color wp-elements-067737032e80e68d5370a986691dba92\">Th\u1ec3 t\u00edch th\u1ef1c : 3500ml<br>M\u00f9i h\u01b0\u01a1ng : Lavender<br>Quy c\u00e1ch \u0111\u00f3ng g\u00f3i: 4 can\/ th\u00f9ng<\/p>\n\n\n\n<p><\/p>\n<\/div><\/div>\n<\/div><\/div>\n\n\n\n<div class=\"wp-block-uagb-container uagb-block-fbcd03d9 alignfull uagb-is-root-container\"><div class=\"uagb-container-inner-blocks-wrap\">\n<div class=\"wp-block-media-text is-stacked-on-mobile is-vertically-aligned-center\" style=\"border-width:1px;border-top-left-radius:20px;border-top-right-radius:20px;border-bottom-left-radius:20px;border-bottom-right-radius:20px;padding-top:var(--wp--preset--spacing--40);padding-right:var(--wp--preset--spacing--40);padding-bottom:var(--wp--preset--spacing--40);padding-left:var(--wp--preset--spacing--40)\"><figure class=\"wp-block-media-text__media\"><img loading=\"lazy\" decoding=\"async\" width=\"213\" height=\"306\" src=\"https:\/\/paprovn.com\/wp-content\/uploads\/2026\/01\/51.png\" alt=\"\" class=\"wp-image-304 size-full\" srcset=\"https:\/\/paprovn.com\/wp-content\/uploads\/2026\/01\/51.png 213w, https:\/\/paprovn.com\/wp-content\/uploads\/2026\/01\/51-209x300.png 209w\" sizes=\"auto, (max-width: 213px) 100vw, 213px\" \/><\/figure><div class=\"wp-block-media-text__content\">\n<h6 class=\"wp-block-heading\">N\u01af\u1edaC GI\u1eb6T OSHIN M\u00c0U H\u1ed2NG<\/h6>\n\n\n\n<p class=\"has-ast-global-color-8-color has-text-color has-link-color wp-elements-37cefc279af4274859d8a580d16065c5\">Th\u1ec3 t\u00edch th\u1ef1c : 5000ml<br>M\u00f9i h\u01b0\u01a1ng : N\u01b0\u1edbc hoa Ph\u00e1p<br>Quy c\u00e1ch \u0111\u00f3ng g\u00f3i: 4 can\/ th\u00f9ng<\/p>\n\n\n\n<p><\/p>\n<\/div><\/div>\n\n\n\n<div class=\"wp-block-media-text is-stacked-on-mobile is-vertically-aligned-center\" style=\"border-width:1px;border-top-left-radius:20px;border-top-right-radius:20px;border-bottom-left-radius:20px;border-bottom-right-radius:20px;padding-top:var(--wp--preset--spacing--40);padding-right:var(--wp--preset--spacing--40);padding-bottom:var(--wp--preset--spacing--40);padding-left:var(--wp--preset--spacing--40);grid-template-columns:52% auto\"><figure class=\"wp-block-media-text__media\"><img loading=\"lazy\" decoding=\"async\" width=\"225\" height=\"308\" src=\"https:\/\/paprovn.com\/wp-content\/uploads\/2026\/01\/50.png\" alt=\"\" class=\"wp-image-303 size-full\" srcset=\"https:\/\/paprovn.com\/wp-content\/uploads\/2026\/01\/50.png 225w, https:\/\/paprovn.com\/wp-content\/uploads\/2026\/01\/50-219x300.png 219w\" sizes=\"auto, (max-width: 225px) 100vw, 225px\" \/><\/figure><div class=\"wp-block-media-text__content\">\n<h6 class=\"wp-block-heading\">N\u01af\u1edaC GI\u1eb6T OSHIN M\u00c0U T\u00cdM<\/h6>\n\n\n\n<p class=\"has-ast-global-color-8-color has-text-color has-link-color wp-elements-95316fa45d63fa9ae7508fa40b4ff0e4\">Th\u1ec3 t\u00edch th\u1ef1c : 5000ml<br>M\u00f9i h\u01b0\u01a1ng : Lavender<br>Quy c\u00e1ch \u0111\u00f3ng g\u00f3i: 4 can\/ th\u00f9ng<\/p>\n\n\n\n<p><\/p>\n<\/div><\/div>\n<\/div><\/div>\n\n\n\n<p><\/p>\n","protected":false},"excerpt":{"rendered":"<p>Trang Ch\u1ee7 \/ S\u1ea3n Ph\u1ea9m \/ N\u01af\u1edaC GI\u1eb6T OSHIN N\u01af\u1edaC GI\u1eb6T OSHIN N\u01af\u1edaC GI\u1eb6T OSHIN M\u00c0U H\u1ed2NG Th\u1ec3 t\u00edch th\u1ef1c : 3500mlM\u00f9i h\u01b0\u01a1ng : N\u01b0\u1edbc hoa Ph\u00e1pQuy c\u00e1ch \u0111\u00f3ng g\u00f3i: 4 can\/ th\u00f9ng N\u01af\u1edaC GI\u1eb6T OSHIN M\u00c0U T\u00cdM Th\u1ec3 t\u00edch th\u1ef1c : 3500mlM\u00f9i h\u01b0\u01a1ng : LavenderQuy c\u00e1ch \u0111\u00f3ng g\u00f3i: 4 can\/ th\u00f9ng N\u01af\u1edaC GI\u1eb6T OSHIN [&hellip;]<\/p>\n","protected":false},"author":1,"featured_media":0,"parent":0,"menu_order":0,"comment_status":"closed","ping_status":"closed","template":"","meta":{"_uag_custom_page_level_css":"","site-sidebar-layout":"default","site-content-layout":"","ast-site-content-layout":"default","site-content-style":"default","site-sidebar-style":"default","ast-global-header-display":"","ast-banner-title-visibility":"","ast-main-header-display":"","ast-hfb-above-header-display":"","ast-hfb-below-header-display":"","ast-hfb-mobile-header-display":"","site-post-title":"disabled","ast-breadcrumbs-content":"","ast-featured-img":"","footer-sml-layout":"","ast-disable-related-posts":"","theme-transparent-header-meta":"","adv-header-id-meta":"","stick-header-meta":"","header-above-stick-meta":"","header-main-stick-meta":"","header-below-stick-meta":"","astra-migrate-meta-layouts":"default","ast-page-background-enabled":"default","ast-page-background-meta":{"desktop":{"background-color":"var(--ast-global-color-5)","background-image":"","background-repeat":"repeat","background-position":"center center","background-size":"auto","background-attachment":"scroll","background-type":"","background-media":"","overlay-type":"","overlay-color":"","overlay-opacity":"","overlay-gradient":""},"tablet":{"background-color":"","background-image":"","background-repeat":"repeat","background-position":"center center","background-size":"auto","background-attachment":"scroll","background-type":"","background-media":"","overlay-type":"","overlay-color":"","overlay-opacity":"","overlay-gradient":""},"mobile":{"background-color":"","background-image":"","background-repeat":"repeat","background-position":"center center","background-size":"auto","background-attachment":"scroll","background-type":"","background-media":"","overlay-type":"","overlay-color":"","overlay-opacity":"","overlay-gradient":""}},"ast-content-background-meta":{"desktop":{"background-color":"var(--ast-global-color-4)","background-image":"","background-repeat":"repeat","background-position":"center center","background-size":"auto","background-attachment":"scroll","background-type":"","background-media":"","overlay-type":"","overlay-color":"","overlay-opacity":"","overlay-gradient":""},"tablet":{"background-color":"var(--ast-global-color-4)","background-image":"","background-repeat":"repeat","background-position":"center center","background-size":"auto","background-attachment":"scroll","background-type":"","background-media":"","overlay-type":"","overlay-color":"","overlay-opacity":"","overlay-gradient":""},"mobile":{"background-color":"var(--ast-global-color-4)","background-image":"","background-repeat":"repeat","background-position":"center center","background-size":"auto","background-attachment":"scroll","background-type":"","background-media":"","overlay-type":"","overlay-color":"","overlay-opacity":"","overlay-gradient":""}},"footnotes":""},"class_list":["post-300","page","type-page","status-publish","hentry"],"uagb_featured_image_src":{"full":false,"thumbnail":false,"medium":false,"medium_large":false,"large":false,"1536x1536":false,"2048x2048":false},"uagb_author_info":{"display_name":"admin","author_link":"https:\/\/paprovn.com\/?author=1"},"uagb_comment_info":0,"uagb_excerpt":"Trang Ch\u1ee7 \/ S\u1ea3n Ph\u1ea9m \/ N\u01af\u1edaC GI\u1eb6T OSHIN N\u01af\u1edaC GI\u1eb6T OSHIN N\u01af\u1edaC GI\u1eb6T OSHIN M\u00c0U H\u1ed2NG Th\u1ec3 t\u00edch th\u1ef1c : 3500mlM\u00f9i h\u01b0\u01a1ng : N\u01b0\u1edbc hoa Ph\u00e1pQuy c\u00e1ch \u0111\u00f3ng g\u00f3i: 4 can\/ th\u00f9ng N\u01af\u1edaC GI\u1eb6T OSHIN M\u00c0U T\u00cdM Th\u1ec3 t\u00edch th\u1ef1c : 3500mlM\u00f9i h\u01b0\u01a1ng : LavenderQuy c\u00e1ch \u0111\u00f3ng g\u00f3i: 4 can\/ th\u00f9ng N\u01af\u1edaC GI\u1eb6T OSHIN&hellip;","_links":{"self":[{"href":"https:\/\/paprovn.com\/index.php?rest_route=\/wp\/v2\/pages\/300","targetHints":{"allow":["GET"]}}],"collection":[{"href":"https:\/\/paprovn.com\/index.php?rest_route=\/wp\/v2\/pages"}],"about":[{"href":"https:\/\/paprovn.com\/index.php?rest_route=\/wp\/v2\/types\/page"}],"author":[{"embeddable":true,"href":"https:\/\/paprovn.com\/index.php?rest_route=\/wp\/v2\/users\/1"}],"replies":[{"embeddable":true,"href":"https:\/\/paprovn.com\/index.php?rest_route=%2Fwp%2Fv2%2Fcomments&post=300"}],"version-history":[{"count":2,"href":"https:\/\/paprovn.com\/index.php?rest_route=\/wp\/v2\/pages\/300\/revisions"}],"predecessor-version":[{"id":400,"href":"https:\/\/paprovn.com\/index.php?rest_route=\/wp\/v2\/pages\/300\/revisions\/400"}],"wp:attachment":[{"href":"https:\/\/paprovn.com\/index.php?rest_route=%2Fwp%2Fv2%2Fmedia&parent=300"}],"curies":[{"name":"wp","href":"https:\/\/api.w.org\/{rel}","templated":true}]}}