{"id":283,"date":"2026-01-22T14:41:16","date_gmt":"2026-01-22T14:41:16","guid":{"rendered":"https:\/\/paprovn.com\/?page_id=283"},"modified":"2026-01-23T13:49:20","modified_gmt":"2026-01-23T13:49:20","slug":"giay-ve-sinh-cuon-gia-dinh-va-cong-nghiep-2","status":"publish","type":"page","link":"https:\/\/paprovn.com\/?page_id=283","title":{"rendered":"KH\u0102N GI\u1ea4Y \u01af\u1edaT"},"content":{"rendered":"\n<div class=\"wp-block-uagb-container uagb-block-f324764c alignfull uagb-is-root-container\"><div class=\"uagb-container-inner-blocks-wrap\">\n<h5 class=\"wp-block-heading alignwide has-vivid-cyan-blue-background-color has-background has-small-font-size\"><a href=\"https:\/\/paprovn.com\/\" data-type=\"page\" data-id=\"9\">Trang Ch\u1ee7<\/a> \/ <a href=\"https:\/\/paprovn.com\/?page_id=60\" data-type=\"page\" data-id=\"60\">S\u1ea3n Ph\u1ea9m <\/a>\/ KH\u0102N GI\u1ea4Y \u01af\u1edaT<\/h5>\n\n\n\n<h3 class=\"wp-block-heading has-text-align-center\">KH\u0102N GI\u1ea4Y \u01af\u1edaT<\/h3>\n<\/div><\/div>\n\n\n\n<div class=\"wp-block-uagb-container uagb-block-9c937aee alignfull uagb-is-root-container\"><div class=\"uagb-container-inner-blocks-wrap\">\n<div class=\"wp-block-media-text is-stacked-on-mobile is-vertically-aligned-center\" style=\"border-width:1px;border-top-left-radius:20px;border-top-right-radius:20px;border-bottom-left-radius:20px;border-bottom-right-radius:20px;padding-top:var(--wp--preset--spacing--40);padding-right:var(--wp--preset--spacing--40);padding-bottom:var(--wp--preset--spacing--40);padding-left:var(--wp--preset--spacing--40)\"><figure class=\"wp-block-media-text__media\"><img loading=\"lazy\" decoding=\"async\" width=\"242\" height=\"131\" src=\"https:\/\/paprovn.com\/wp-content\/uploads\/2026\/01\/35.png\" alt=\"\" class=\"wp-image-286 size-full\"\/><\/figure><div class=\"wp-block-media-text__content\">\n<h6 class=\"wp-block-heading\">KH\u0102N \u01af\u1edaT AKAY<br>80 T\u1edc M\u00c0U XANH C\u1ed0M<\/h6>\n\n\n\n<p class=\"has-ast-global-color-8-color has-text-color has-link-color wp-elements-41d5fdc5b7737e3937370439c882e2c3\">Quy c\u00e1ch \u0111\u00f3ng g\u00f3i:<br>80 t\u1edd\/ g\u00f3i, 32 g\u00f3i\/ th\u00f9ng carton<\/p>\n\n\n\n<p><\/p>\n<\/div><\/div>\n\n\n\n<div class=\"wp-block-media-text is-stacked-on-mobile is-vertically-aligned-center\" style=\"border-width:1px;border-top-left-radius:20px;border-top-right-radius:20px;border-bottom-left-radius:20px;border-bottom-right-radius:20px;padding-top:var(--wp--preset--spacing--40);padding-right:var(--wp--preset--spacing--40);padding-bottom:var(--wp--preset--spacing--40);padding-left:var(--wp--preset--spacing--40)\"><figure class=\"wp-block-media-text__media\"><img loading=\"lazy\" decoding=\"async\" width=\"239\" height=\"131\" src=\"https:\/\/paprovn.com\/wp-content\/uploads\/2026\/01\/33.png\" alt=\"\" class=\"wp-image-284 size-full\"\/><\/figure><div class=\"wp-block-media-text__content\">\n<h6 class=\"wp-block-heading\">KH\u0102N \u01af\u1edaT AKAY<br>80 T\u1edc M\u00c0U CAM<\/h6>\n\n\n\n<p class=\"has-ast-global-color-8-color has-text-color has-link-color wp-elements-41d5fdc5b7737e3937370439c882e2c3\">Quy c\u00e1ch \u0111\u00f3ng g\u00f3i:<br>80 t\u1edd\/ g\u00f3i, 32 g\u00f3i\/ th\u00f9ng carton<\/p>\n\n\n\n<p><\/p>\n<\/div><\/div>\n<\/div><\/div>\n\n\n\n<div class=\"wp-block-uagb-container uagb-block-fbcd03d9 alignfull uagb-is-root-container\"><div class=\"uagb-container-inner-blocks-wrap\">\n<div class=\"wp-block-group is-nowrap is-layout-flex wp-container-core-group-is-layout-6c531013 wp-block-group-is-layout-flex\">\n<div class=\"wp-block-media-text is-stacked-on-mobile is-vertically-aligned-center\" style=\"border-width:1px;border-top-left-radius:20px;border-top-right-radius:20px;border-bottom-left-radius:20px;border-bottom-right-radius:20px;padding-top:var(--wp--preset--spacing--40);padding-right:var(--wp--preset--spacing--40);padding-bottom:var(--wp--preset--spacing--40);padding-left:var(--wp--preset--spacing--40)\"><figure class=\"wp-block-media-text__media\"><img loading=\"lazy\" decoding=\"async\" width=\"481\" height=\"282\" src=\"https:\/\/paprovn.com\/wp-content\/uploads\/2026\/01\/116-1.png\" alt=\"\" class=\"wp-image-290 size-full\" srcset=\"https:\/\/paprovn.com\/wp-content\/uploads\/2026\/01\/116-1.png 481w, https:\/\/paprovn.com\/wp-content\/uploads\/2026\/01\/116-1-300x176.png 300w\" sizes=\"auto, (max-width: 481px) 100vw, 481px\" \/><\/figure><div class=\"wp-block-media-text__content\">\n<h6 class=\"wp-block-heading\">KH\u0102N \u01af\u1edaT CARO COCO<br>10T\u1edc M\u00c0U XANH C\u1ed0M<\/h6>\n\n\n\n<p class=\"has-ast-global-color-8-color has-text-color has-link-color wp-elements-1f27c38952a90aa5b7e62921cf170654\">Quy c\u00e1ch \u0111\u00f3ng g\u00f3i:<br>10t\u1edd\/ g\u00f3i, 180 g\u00f3i\/ th\u00f9ng carton<\/p>\n\n\n\n<p><\/p>\n<\/div><\/div>\n\n\n\n<div class=\"wp-block-media-text is-stacked-on-mobile is-vertically-aligned-center\" style=\"border-width:1px;border-top-left-radius:20px;border-top-right-radius:20px;border-bottom-left-radius:20px;border-bottom-right-radius:20px;padding-top:var(--wp--preset--spacing--40);padding-right:var(--wp--preset--spacing--40);padding-bottom:var(--wp--preset--spacing--40);padding-left:var(--wp--preset--spacing--40)\"><figure class=\"wp-block-media-text__media\"><img loading=\"lazy\" decoding=\"async\" width=\"232\" height=\"126\" src=\"https:\/\/paprovn.com\/wp-content\/uploads\/2026\/01\/36.png\" alt=\"\" class=\"wp-image-287 size-full\"\/><\/figure><div class=\"wp-block-media-text__content\">\n<h6 class=\"wp-block-heading\">KH\u0102N \u01af\u1edaT CARO COCO<br>10 T\u1edc M\u00c0U H\u1ed2NG<\/h6>\n\n\n\n<p class=\"has-ast-global-color-8-color has-text-color has-link-color wp-elements-244833ff8a432a423b56cc03cd6887df\">Quy c\u00e1ch \u0111\u00f3ng g\u00f3i:<br>10 t\u1edd\/ g\u00f3i, 180 g\u00f3i\/ th\u00f9ng carton<\/p>\n\n\n\n<p><\/p>\n<\/div><\/div>\n<\/div>\n<\/div><\/div>\n\n\n\n<div class=\"wp-block-uagb-container uagb-block-c3a56ecc alignfull uagb-is-root-container\"><div class=\"uagb-container-inner-blocks-wrap\">\n<div class=\"wp-block-group is-nowrap is-layout-flex wp-container-core-group-is-layout-6c531013 wp-block-group-is-layout-flex\">\n<div class=\"wp-block-media-text is-stacked-on-mobile is-vertically-aligned-center\" style=\"border-width:1px;border-top-left-radius:20px;border-top-right-radius:20px;border-bottom-left-radius:20px;border-bottom-right-radius:20px;padding-top:var(--wp--preset--spacing--40);padding-right:var(--wp--preset--spacing--40);padding-bottom:var(--wp--preset--spacing--40);padding-left:var(--wp--preset--spacing--40)\"><figure class=\"wp-block-media-text__media\"><img loading=\"lazy\" decoding=\"async\" width=\"240\" height=\"130\" src=\"https:\/\/paprovn.com\/wp-content\/uploads\/2026\/01\/41.png\" alt=\"\" class=\"wp-image-292 size-full\"\/><\/figure><div class=\"wp-block-media-text__content\">\n<h6 class=\"wp-block-heading\">KH\u0102N \u01af\u1edaT CARO COCO<br>10 T\u1edc M\u00c0U T\u00cdM<\/h6>\n\n\n\n<p class=\"has-ast-global-color-8-color has-text-color has-link-color wp-elements-244833ff8a432a423b56cc03cd6887df\">Quy c\u00e1ch \u0111\u00f3ng g\u00f3i:<br>10 t\u1edd\/ g\u00f3i, 180 g\u00f3i\/ th\u00f9ng carton<\/p>\n<\/div><\/div>\n\n\n\n<div class=\"wp-block-media-text is-stacked-on-mobile is-vertically-aligned-center\" style=\"border-width:1px;border-top-left-radius:20px;border-top-right-radius:20px;border-bottom-left-radius:20px;border-bottom-right-radius:20px;padding-top:var(--wp--preset--spacing--40);padding-right:var(--wp--preset--spacing--40);padding-bottom:var(--wp--preset--spacing--40);padding-left:var(--wp--preset--spacing--40)\"><figure class=\"wp-block-media-text__media\"><img loading=\"lazy\" decoding=\"async\" width=\"231\" height=\"129\" src=\"https:\/\/paprovn.com\/wp-content\/uploads\/2026\/01\/34-1.png\" alt=\"\" class=\"wp-image-285 size-full\"\/><\/figure><div class=\"wp-block-media-text__content\">\n<h6 class=\"wp-block-heading\">KH\u0102N \u01af\u1edaT AKAY<br>90 T\u1edc M\u00c0U XANH TR\u1eaeNG<\/h6>\n\n\n\n<p class=\"has-ast-global-color-8-color has-text-color has-link-color wp-elements-d41ee504d6d132654ad6b2045594850a\">Quy c\u00e1ch \u0111\u00f3ng g\u00f3i:<br>90 t\u1edd\/ g\u00f3i, 32 g\u00f3i\/ th\u00f9ng carton<\/p>\n<\/div><\/div>\n<\/div>\n<\/div><\/div>\n\n\n\n<div class=\"wp-block-uagb-container uagb-block-43d482f3 alignfull uagb-is-root-container\"><div class=\"uagb-container-inner-blocks-wrap\">\n<div class=\"wp-block-group is-nowrap is-layout-flex wp-container-core-group-is-layout-6c531013 wp-block-group-is-layout-flex\">\n<div class=\"wp-block-media-text is-stacked-on-mobile is-vertically-aligned-center\" style=\"border-width:1px;border-top-left-radius:20px;border-top-right-radius:20px;border-bottom-left-radius:20px;border-bottom-right-radius:20px;padding-top:var(--wp--preset--spacing--40);padding-right:var(--wp--preset--spacing--40);padding-bottom:var(--wp--preset--spacing--40);padding-left:var(--wp--preset--spacing--40)\"><figure class=\"wp-block-media-text__media\"><img loading=\"lazy\" decoding=\"async\" width=\"600\" height=\"370\" src=\"https:\/\/paprovn.com\/wp-content\/uploads\/2026\/01\/115-1.jpg\" alt=\"\" class=\"wp-image-289 size-full\" srcset=\"https:\/\/paprovn.com\/wp-content\/uploads\/2026\/01\/115-1.jpg 600w, https:\/\/paprovn.com\/wp-content\/uploads\/2026\/01\/115-1-300x185.jpg 300w\" sizes=\"auto, (max-width: 600px) 100vw, 600px\" \/><\/figure><div class=\"wp-block-media-text__content\">\n<h6 class=\"wp-block-heading\">KH\u0102N \u01af\u1edaT CHIP CHIP<br>100T\u1edc M\u00c0U XANH<\/h6>\n\n\n\n<p class=\"has-ast-global-color-8-color has-text-color has-link-color wp-elements-c7ff2d1a9e9c58dd737b5e7cb462404b\">Quy c\u00e1ch \u0111\u00f3ng g\u00f3i:<br>100t\u1edd\/ g\u00f3i, 24 g\u00f3i\/ th\u00f9ng carton<\/p>\n\n\n\n<p><\/p>\n<\/div><\/div>\n\n\n\n<div class=\"wp-block-media-text is-stacked-on-mobile is-vertically-aligned-center\" style=\"border-width:1px;border-top-left-radius:20px;border-top-right-radius:20px;border-bottom-left-radius:20px;border-bottom-right-radius:20px;padding-top:var(--wp--preset--spacing--40);padding-right:var(--wp--preset--spacing--40);padding-bottom:var(--wp--preset--spacing--40);padding-left:var(--wp--preset--spacing--40)\"><figure class=\"wp-block-media-text__media\"><img loading=\"lazy\" decoding=\"async\" width=\"611\" height=\"376\" src=\"https:\/\/paprovn.com\/wp-content\/uploads\/2026\/01\/114-1.jpg\" alt=\"\" class=\"wp-image-288 size-full\" srcset=\"https:\/\/paprovn.com\/wp-content\/uploads\/2026\/01\/114-1.jpg 611w, https:\/\/paprovn.com\/wp-content\/uploads\/2026\/01\/114-1-300x185.jpg 300w\" sizes=\"auto, (max-width: 611px) 100vw, 611px\" \/><\/figure><div class=\"wp-block-media-text__content\">\n<h6 class=\"wp-block-heading\">KH\u0102N \u01af\u1edaT CHIP CHIP<br>100T\u1edc M\u00c0U H\u1ed2NG<\/h6>\n\n\n\n<p class=\"has-ast-global-color-8-color has-text-color has-link-color wp-elements-c7ff2d1a9e9c58dd737b5e7cb462404b\">Quy c\u00e1ch \u0111\u00f3ng g\u00f3i:<br>100t\u1edd\/ g\u00f3i, 24 g\u00f3i\/ th\u00f9ng carton<\/p>\n\n\n\n<p><\/p>\n<\/div><\/div>\n<\/div>\n<\/div><\/div>\n\n\n\n<p><\/p>\n","protected":false},"excerpt":{"rendered":"<p>Trang Ch\u1ee7 \/ S\u1ea3n Ph\u1ea9m \/ KH\u0102N GI\u1ea4Y \u01af\u1edaT KH\u0102N GI\u1ea4Y \u01af\u1edaT KH\u0102N \u01af\u1edaT AKAY80 T\u1edc M\u00c0U XANH C\u1ed0M Quy c\u00e1ch \u0111\u00f3ng g\u00f3i:80 t\u1edd\/ g\u00f3i, 32 g\u00f3i\/ th\u00f9ng carton KH\u0102N \u01af\u1edaT AKAY80 T\u1edc M\u00c0U CAM Quy c\u00e1ch \u0111\u00f3ng g\u00f3i:80 t\u1edd\/ g\u00f3i, 32 g\u00f3i\/ th\u00f9ng carton KH\u0102N \u01af\u1edaT CARO COCO10T\u1edc M\u00c0U XANH C\u1ed0M Quy c\u00e1ch \u0111\u00f3ng [&hellip;]<\/p>\n","protected":false},"author":1,"featured_media":0,"parent":0,"menu_order":0,"comment_status":"closed","ping_status":"closed","template":"","meta":{"_uag_custom_page_level_css":"","site-sidebar-layout":"default","site-content-layout":"","ast-site-content-layout":"default","site-content-style":"default","site-sidebar-style":"default","ast-global-header-display":"","ast-banner-title-visibility":"","ast-main-header-display":"","ast-hfb-above-header-display":"","ast-hfb-below-header-display":"","ast-hfb-mobile-header-display":"","site-post-title":"disabled","ast-breadcrumbs-content":"","ast-featured-img":"","footer-sml-layout":"","ast-disable-related-posts":"","theme-transparent-header-meta":"","adv-header-id-meta":"","stick-header-meta":"","header-above-stick-meta":"","header-main-stick-meta":"","header-below-stick-meta":"","astra-migrate-meta-layouts":"default","ast-page-background-enabled":"default","ast-page-background-meta":{"desktop":{"background-color":"var(--ast-global-color-5)","background-image":"","background-repeat":"repeat","background-position":"center center","background-size":"auto","background-attachment":"scroll","background-type":"","background-media":"","overlay-type":"","overlay-color":"","overlay-opacity":"","overlay-gradient":""},"tablet":{"background-color":"","background-image":"","background-repeat":"repeat","background-position":"center center","background-size":"auto","background-attachment":"scroll","background-type":"","background-media":"","overlay-type":"","overlay-color":"","overlay-opacity":"","overlay-gradient":""},"mobile":{"background-color":"","background-image":"","background-repeat":"repeat","background-position":"center center","background-size":"auto","background-attachment":"scroll","background-type":"","background-media":"","overlay-type":"","overlay-color":"","overlay-opacity":"","overlay-gradient":""}},"ast-content-background-meta":{"desktop":{"background-color":"var(--ast-global-color-4)","background-image":"","background-repeat":"repeat","background-position":"center center","background-size":"auto","background-attachment":"scroll","background-type":"","background-media":"","overlay-type":"","overlay-color":"","overlay-opacity":"","overlay-gradient":""},"tablet":{"background-color":"var(--ast-global-color-4)","background-image":"","background-repeat":"repeat","background-position":"center center","background-size":"auto","background-attachment":"scroll","background-type":"","background-media":"","overlay-type":"","overlay-color":"","overlay-opacity":"","overlay-gradient":""},"mobile":{"background-color":"var(--ast-global-color-4)","background-image":"","background-repeat":"repeat","background-position":"center center","background-size":"auto","background-attachment":"scroll","background-type":"","background-media":"","overlay-type":"","overlay-color":"","overlay-opacity":"","overlay-gradient":""}},"footnotes":""},"class_list":["post-283","page","type-page","status-publish","hentry"],"uagb_featured_image_src":{"full":false,"thumbnail":false,"medium":false,"medium_large":false,"large":false,"1536x1536":false,"2048x2048":false},"uagb_author_info":{"display_name":"admin","author_link":"https:\/\/paprovn.com\/?author=1"},"uagb_comment_info":0,"uagb_excerpt":"Trang Ch\u1ee7 \/ S\u1ea3n Ph\u1ea9m \/ KH\u0102N GI\u1ea4Y \u01af\u1edaT KH\u0102N GI\u1ea4Y \u01af\u1edaT KH\u0102N \u01af\u1edaT AKAY80 T\u1edc M\u00c0U XANH C\u1ed0M Quy c\u00e1ch \u0111\u00f3ng g\u00f3i:80 t\u1edd\/ g\u00f3i, 32 g\u00f3i\/ th\u00f9ng carton KH\u0102N \u01af\u1edaT AKAY80 T\u1edc M\u00c0U CAM Quy c\u00e1ch \u0111\u00f3ng g\u00f3i:80 t\u1edd\/ g\u00f3i, 32 g\u00f3i\/ th\u00f9ng carton KH\u0102N \u01af\u1edaT CARO COCO10T\u1edc M\u00c0U XANH C\u1ed0M Quy c\u00e1ch \u0111\u00f3ng&hellip;","_links":{"self":[{"href":"https:\/\/paprovn.com\/index.php?rest_route=\/wp\/v2\/pages\/283","targetHints":{"allow":["GET"]}}],"collection":[{"href":"https:\/\/paprovn.com\/index.php?rest_route=\/wp\/v2\/pages"}],"about":[{"href":"https:\/\/paprovn.com\/index.php?rest_route=\/wp\/v2\/types\/page"}],"author":[{"embeddable":true,"href":"https:\/\/paprovn.com\/index.php?rest_route=\/wp\/v2\/users\/1"}],"replies":[{"embeddable":true,"href":"https:\/\/paprovn.com\/index.php?rest_route=%2Fwp%2Fv2%2Fcomments&post=283"}],"version-history":[{"count":4,"href":"https:\/\/paprovn.com\/index.php?rest_route=\/wp\/v2\/pages\/283\/revisions"}],"predecessor-version":[{"id":398,"href":"https:\/\/paprovn.com\/index.php?rest_route=\/wp\/v2\/pages\/283\/revisions\/398"}],"wp:attachment":[{"href":"https:\/\/paprovn.com\/index.php?rest_route=%2Fwp%2Fv2%2Fmedia&parent=283"}],"curies":[{"name":"wp","href":"https:\/\/api.w.org\/{rel}","templated":true}]}}