{"id":278,"date":"2026-01-22T14:31:51","date_gmt":"2026-01-22T14:31:51","guid":{"rendered":"https:\/\/paprovn.com\/?page_id=278"},"modified":"2026-01-23T13:48:17","modified_gmt":"2026-01-23T13:48:17","slug":"khan-kho-da-nang","status":"publish","type":"page","link":"https:\/\/paprovn.com\/?page_id=278","title":{"rendered":"KH\u0102N KH\u00d4 \u0110A N\u0102NG"},"content":{"rendered":"\n<div class=\"wp-block-uagb-container uagb-block-f324764c alignfull uagb-is-root-container\"><div class=\"uagb-container-inner-blocks-wrap\">\n<h5 class=\"wp-block-heading alignwide has-vivid-cyan-blue-background-color has-background has-small-font-size\"><a href=\"https:\/\/paprovn.com\/\" data-type=\"page\" data-id=\"9\">Trang Ch\u1ee7<\/a> \/ <a href=\"https:\/\/paprovn.com\/?page_id=60\" data-type=\"page\" data-id=\"60\">S\u1ea3n Ph\u1ea9m <\/a>\/ KH\u0102N KH\u00d4 \u0110A N\u0102NG<\/h5>\n\n\n\n<h3 class=\"wp-block-heading has-text-align-center\">KH\u0102N KH\u00d4 \u0110A N\u0102NG<\/h3>\n<\/div><\/div>\n\n\n\n<div class=\"wp-block-uagb-container uagb-block-9c937aee alignfull uagb-is-root-container\"><div class=\"uagb-container-inner-blocks-wrap\">\n<div class=\"wp-block-media-text is-stacked-on-mobile is-vertically-aligned-center\" style=\"border-width:1px;border-top-left-radius:20px;border-top-right-radius:20px;border-bottom-left-radius:20px;border-bottom-right-radius:20px;padding-top:var(--wp--preset--spacing--40);padding-right:var(--wp--preset--spacing--40);padding-bottom:var(--wp--preset--spacing--40);padding-left:var(--wp--preset--spacing--40)\"><figure class=\"wp-block-media-text__media\"><img loading=\"lazy\" decoding=\"async\" width=\"542\" height=\"447\" src=\"https:\/\/paprovn.com\/wp-content\/uploads\/2026\/01\/91.png\" alt=\"\" class=\"wp-image-264 size-full\" srcset=\"https:\/\/paprovn.com\/wp-content\/uploads\/2026\/01\/91.png 542w, https:\/\/paprovn.com\/wp-content\/uploads\/2026\/01\/91-300x247.png 300w\" sizes=\"auto, (max-width: 542px) 100vw, 542px\" \/><\/figure><div class=\"wp-block-media-text__content\">\n<h6 class=\"wp-block-heading\">KH\u0102N KH\u00d4 \u0110A N\u0102NG CHIPCHIP<\/h6>\n\n\n\n<p class=\"has-ast-global-color-8-color has-text-color has-link-color wp-elements-064ba0f761094c7b85f6cedd3fc3179f\">Quy c\u00e1ch \u0111\u00f3ng g\u00f3i:<br>450 gram\/ g\u00f3i, 15 g\u00f3i\/ b\u1ecbch<\/p>\n\n\n\n<p><\/p>\n<\/div><\/div>\n\n\n\n<div class=\"wp-block-media-text is-stacked-on-mobile is-vertically-aligned-center\" style=\"border-width:1px;border-top-left-radius:20px;border-top-right-radius:20px;border-bottom-left-radius:20px;border-bottom-right-radius:20px;padding-top:var(--wp--preset--spacing--40);padding-right:var(--wp--preset--spacing--40);padding-bottom:var(--wp--preset--spacing--40);padding-left:var(--wp--preset--spacing--40)\"><figure class=\"wp-block-media-text__media\"><img loading=\"lazy\" decoding=\"async\" width=\"221\" height=\"261\" src=\"https:\/\/paprovn.com\/wp-content\/uploads\/2026\/01\/27.png\" alt=\"\" class=\"wp-image-279 size-full\"\/><\/figure><div class=\"wp-block-media-text__content\">\n<h6 class=\"wp-block-heading\">KH\u0102N KH\u00d4 \u0110A N\u0102NG CHIPCHIP<\/h6>\n\n\n\n<p class=\"has-ast-global-color-8-color has-text-color has-link-color wp-elements-84467a934fff3bb9f517340e541feee9\">Quy c\u00e1ch \u0111\u00f3ng g\u00f3i:<br>500 gram\/ cu\u1ed9n, 18 cu\u1ed9n\/ th\u00f9ng carton<\/p>\n\n\n\n<p><\/p>\n<\/div><\/div>\n<\/div><\/div>\n\n\n\n<div class=\"wp-block-uagb-container uagb-block-fbcd03d9 alignfull uagb-is-root-container\"><div class=\"uagb-container-inner-blocks-wrap\">\n<div class=\"wp-block-media-text is-stacked-on-mobile is-vertically-aligned-center\" style=\"border-width:1px;border-top-left-radius:20px;border-top-right-radius:20px;border-bottom-left-radius:20px;border-bottom-right-radius:20px;padding-top:var(--wp--preset--spacing--40);padding-right:var(--wp--preset--spacing--40);padding-bottom:var(--wp--preset--spacing--40);padding-left:var(--wp--preset--spacing--40)\"><figure class=\"wp-block-media-text__media\"><img loading=\"lazy\" decoding=\"async\" width=\"555\" height=\"640\" src=\"https:\/\/paprovn.com\/wp-content\/uploads\/2026\/01\/100.jpg\" alt=\"\" class=\"wp-image-266 size-full\" srcset=\"https:\/\/paprovn.com\/wp-content\/uploads\/2026\/01\/100.jpg 555w, https:\/\/paprovn.com\/wp-content\/uploads\/2026\/01\/100-260x300.jpg 260w\" sizes=\"auto, (max-width: 555px) 100vw, 555px\" \/><\/figure><div class=\"wp-block-media-text__content\">\n<h6 class=\"wp-block-heading\">KH\u0102N KH\u00d4 \u0110A N\u0102NG CHIPCHIP<\/h6>\n\n\n\n<p class=\"has-ast-global-color-8-color has-text-color has-link-color wp-elements-eb2c8e5e3648d50fc0957a088ba06c42\">Quy c\u00e1ch \u0111\u00f3ng g\u00f3i:<br>900 gram\/ g\u00f3i, 12 g\u00f3i\/ b\u1ecbch<\/p>\n\n\n\n<p><\/p>\n<\/div><\/div>\n\n\n\n<div class=\"wp-block-media-text is-stacked-on-mobile is-vertically-aligned-center\" style=\"border-width:1px;border-top-left-radius:20px;border-top-right-radius:20px;border-bottom-left-radius:20px;border-bottom-right-radius:20px;padding-top:var(--wp--preset--spacing--40);padding-right:var(--wp--preset--spacing--40);padding-bottom:var(--wp--preset--spacing--40);padding-left:var(--wp--preset--spacing--40)\"><figure class=\"wp-block-media-text__media\"><img loading=\"lazy\" decoding=\"async\" width=\"574\" height=\"517\" src=\"https:\/\/paprovn.com\/wp-content\/uploads\/2026\/01\/99.jpg\" alt=\"\" class=\"wp-image-265 size-full\" srcset=\"https:\/\/paprovn.com\/wp-content\/uploads\/2026\/01\/99.jpg 574w, https:\/\/paprovn.com\/wp-content\/uploads\/2026\/01\/99-300x270.jpg 300w\" sizes=\"auto, (max-width: 574px) 100vw, 574px\" \/><\/figure><div class=\"wp-block-media-text__content\">\n<h6 class=\"wp-block-heading\">KH\u0102N KH\u00d4 \u0110A N\u0102NG CHIPCHIP<\/h6>\n\n\n\n<p class=\"has-ast-global-color-8-color has-text-color has-link-color wp-elements-34f53c50b8303477a232725d292a35db\">Quy c\u00e1ch \u0111\u00f3ng g\u00f3i:<br>600 gram\/ g\u00f3i, 12 g\u00f3i\/ b\u1ecbch<\/p>\n\n\n\n<p><\/p>\n<\/div><\/div>\n<\/div><\/div>\n\n\n\n<div class=\"wp-block-uagb-container uagb-block-43d482f3 alignfull uagb-is-root-container\"><div class=\"uagb-container-inner-blocks-wrap\">\n<div class=\"wp-block-media-text is-stacked-on-mobile is-vertically-aligned-center\" style=\"border-width:1px;border-top-left-radius:20px;border-top-right-radius:20px;border-bottom-left-radius:20px;border-bottom-right-radius:20px;padding-top:var(--wp--preset--spacing--40);padding-right:var(--wp--preset--spacing--40);padding-bottom:var(--wp--preset--spacing--40);padding-left:var(--wp--preset--spacing--40)\"><figure class=\"wp-block-media-text__media\"><img loading=\"lazy\" decoding=\"async\" width=\"458\" height=\"200\" src=\"https:\/\/paprovn.com\/wp-content\/uploads\/2026\/01\/28.png\" alt=\"\" class=\"wp-image-280 size-full\" srcset=\"https:\/\/paprovn.com\/wp-content\/uploads\/2026\/01\/28.png 458w, https:\/\/paprovn.com\/wp-content\/uploads\/2026\/01\/28-300x131.png 300w\" sizes=\"auto, (max-width: 458px) 100vw, 458px\" \/><\/figure><div class=\"wp-block-media-text__content\">\n<h6 class=\"wp-block-heading\">KH\u0102N KH\u00d4 \u0110A N\u0102NG<br>SWEET BABY<\/h6>\n\n\n\n<p class=\"has-ast-global-color-8-color has-text-color has-link-color wp-elements-a476409ebab265304fc3d05e0359373c\">Quy c\u00e1ch \u0111\u00f3ng g\u00f3i:<br>250 gram\/ g\u00f3i, 36 g\u00f3i\/ b\u1ecbch<\/p>\n\n\n\n<p><\/p>\n<\/div><\/div>\n\n\n\n<div class=\"wp-block-media-text is-stacked-on-mobile is-vertically-aligned-center\" style=\"border-width:1px;border-top-left-radius:20px;border-top-right-radius:20px;border-bottom-left-radius:20px;border-bottom-right-radius:20px;padding-top:var(--wp--preset--spacing--40);padding-right:var(--wp--preset--spacing--40);padding-bottom:var(--wp--preset--spacing--40);padding-left:var(--wp--preset--spacing--40)\"><figure class=\"wp-block-media-text__media\"><img loading=\"lazy\" decoding=\"async\" width=\"342\" height=\"215\" src=\"https:\/\/paprovn.com\/wp-content\/uploads\/2026\/01\/29.png\" alt=\"\" class=\"wp-image-281 size-full\" srcset=\"https:\/\/paprovn.com\/wp-content\/uploads\/2026\/01\/29.png 342w, https:\/\/paprovn.com\/wp-content\/uploads\/2026\/01\/29-300x189.png 300w\" sizes=\"auto, (max-width: 342px) 100vw, 342px\" \/><\/figure><div class=\"wp-block-media-text__content\">\n<h6 class=\"wp-block-heading\">KH\u0102N KH\u00d4 \u0110A N\u0102NG<br>SWEET BABY<\/h6>\n\n\n\n<p class=\"has-ast-global-color-8-color has-text-color has-link-color wp-elements-97a5cd89803f6480da369646a8b48fc6\">Quy c\u00e1ch \u0111\u00f3ng g\u00f3i:<br>160 gram\/ g\u00f3i, 20 g\u00f3i\/ b\u1ecbch<\/p>\n\n\n\n<p><\/p>\n<\/div><\/div>\n<\/div><\/div>\n\n\n\n<p><\/p>\n","protected":false},"excerpt":{"rendered":"<p>Trang Ch\u1ee7 \/ S\u1ea3n Ph\u1ea9m \/ KH\u0102N KH\u00d4 \u0110A N\u0102NG KH\u0102N KH\u00d4 \u0110A N\u0102NG KH\u0102N KH\u00d4 \u0110A N\u0102NG CHIPCHIP Quy c\u00e1ch \u0111\u00f3ng g\u00f3i:450 gram\/ g\u00f3i, 15 g\u00f3i\/ b\u1ecbch KH\u0102N KH\u00d4 \u0110A N\u0102NG CHIPCHIP Quy c\u00e1ch \u0111\u00f3ng g\u00f3i:500 gram\/ cu\u1ed9n, 18 cu\u1ed9n\/ th\u00f9ng carton KH\u0102N KH\u00d4 \u0110A N\u0102NG CHIPCHIP Quy c\u00e1ch \u0111\u00f3ng g\u00f3i:900 gram\/ g\u00f3i, 12 [&hellip;]<\/p>\n","protected":false},"author":1,"featured_media":0,"parent":0,"menu_order":0,"comment_status":"closed","ping_status":"closed","template":"","meta":{"_uag_custom_page_level_css":"","site-sidebar-layout":"default","site-content-layout":"","ast-site-content-layout":"default","site-content-style":"default","site-sidebar-style":"default","ast-global-header-display":"","ast-banner-title-visibility":"","ast-main-header-display":"","ast-hfb-above-header-display":"","ast-hfb-below-header-display":"","ast-hfb-mobile-header-display":"","site-post-title":"disabled","ast-breadcrumbs-content":"","ast-featured-img":"","footer-sml-layout":"","ast-disable-related-posts":"","theme-transparent-header-meta":"","adv-header-id-meta":"","stick-header-meta":"","header-above-stick-meta":"","header-main-stick-meta":"","header-below-stick-meta":"","astra-migrate-meta-layouts":"default","ast-page-background-enabled":"default","ast-page-background-meta":{"desktop":{"background-color":"var(--ast-global-color-5)","background-image":"","background-repeat":"repeat","background-position":"center center","background-size":"auto","background-attachment":"scroll","background-type":"","background-media":"","overlay-type":"","overlay-color":"","overlay-opacity":"","overlay-gradient":""},"tablet":{"background-color":"","background-image":"","background-repeat":"repeat","background-position":"center center","background-size":"auto","background-attachment":"scroll","background-type":"","background-media":"","overlay-type":"","overlay-color":"","overlay-opacity":"","overlay-gradient":""},"mobile":{"background-color":"","background-image":"","background-repeat":"repeat","background-position":"center center","background-size":"auto","background-attachment":"scroll","background-type":"","background-media":"","overlay-type":"","overlay-color":"","overlay-opacity":"","overlay-gradient":""}},"ast-content-background-meta":{"desktop":{"background-color":"var(--ast-global-color-4)","background-image":"","background-repeat":"repeat","background-position":"center center","background-size":"auto","background-attachment":"scroll","background-type":"","background-media":"","overlay-type":"","overlay-color":"","overlay-opacity":"","overlay-gradient":""},"tablet":{"background-color":"var(--ast-global-color-4)","background-image":"","background-repeat":"repeat","background-position":"center center","background-size":"auto","background-attachment":"scroll","background-type":"","background-media":"","overlay-type":"","overlay-color":"","overlay-opacity":"","overlay-gradient":""},"mobile":{"background-color":"var(--ast-global-color-4)","background-image":"","background-repeat":"repeat","background-position":"center center","background-size":"auto","background-attachment":"scroll","background-type":"","background-media":"","overlay-type":"","overlay-color":"","overlay-opacity":"","overlay-gradient":""}},"footnotes":""},"class_list":["post-278","page","type-page","status-publish","hentry"],"uagb_featured_image_src":{"full":false,"thumbnail":false,"medium":false,"medium_large":false,"large":false,"1536x1536":false,"2048x2048":false},"uagb_author_info":{"display_name":"admin","author_link":"https:\/\/paprovn.com\/?author=1"},"uagb_comment_info":0,"uagb_excerpt":"Trang Ch\u1ee7 \/ S\u1ea3n Ph\u1ea9m \/ KH\u0102N KH\u00d4 \u0110A N\u0102NG KH\u0102N KH\u00d4 \u0110A N\u0102NG KH\u0102N KH\u00d4 \u0110A N\u0102NG CHIPCHIP Quy c\u00e1ch \u0111\u00f3ng g\u00f3i:450 gram\/ g\u00f3i, 15 g\u00f3i\/ b\u1ecbch KH\u0102N KH\u00d4 \u0110A N\u0102NG CHIPCHIP Quy c\u00e1ch \u0111\u00f3ng g\u00f3i:500 gram\/ cu\u1ed9n, 18 cu\u1ed9n\/ th\u00f9ng carton KH\u0102N KH\u00d4 \u0110A N\u0102NG CHIPCHIP Quy c\u00e1ch \u0111\u00f3ng g\u00f3i:900 gram\/ g\u00f3i, 12&hellip;","_links":{"self":[{"href":"https:\/\/paprovn.com\/index.php?rest_route=\/wp\/v2\/pages\/278","targetHints":{"allow":["GET"]}}],"collection":[{"href":"https:\/\/paprovn.com\/index.php?rest_route=\/wp\/v2\/pages"}],"about":[{"href":"https:\/\/paprovn.com\/index.php?rest_route=\/wp\/v2\/types\/page"}],"author":[{"embeddable":true,"href":"https:\/\/paprovn.com\/index.php?rest_route=\/wp\/v2\/users\/1"}],"replies":[{"embeddable":true,"href":"https:\/\/paprovn.com\/index.php?rest_route=%2Fwp%2Fv2%2Fcomments&post=278"}],"version-history":[{"count":2,"href":"https:\/\/paprovn.com\/index.php?rest_route=\/wp\/v2\/pages\/278\/revisions"}],"predecessor-version":[{"id":397,"href":"https:\/\/paprovn.com\/index.php?rest_route=\/wp\/v2\/pages\/278\/revisions\/397"}],"wp:attachment":[{"href":"https:\/\/paprovn.com\/index.php?rest_route=%2Fwp%2Fv2%2Fmedia&parent=278"}],"curies":[{"name":"wp","href":"https:\/\/api.w.org\/{rel}","templated":true}]}}