{"id":259,"date":"2026-01-22T14:15:53","date_gmt":"2026-01-22T14:15:53","guid":{"rendered":"https:\/\/paprovn.com\/?page_id=259"},"modified":"2026-01-23T13:47:57","modified_gmt":"2026-01-23T13:47:57","slug":"khan-rut","status":"publish","type":"page","link":"https:\/\/paprovn.com\/?page_id=259","title":{"rendered":"KH\u0102N R\u00daT"},"content":{"rendered":"\n<div class=\"wp-block-uagb-container uagb-block-f324764c alignfull uagb-is-root-container\"><div class=\"uagb-container-inner-blocks-wrap\">\n<h5 class=\"wp-block-heading alignwide has-vivid-cyan-blue-background-color has-background has-small-font-size\"><a href=\"https:\/\/paprovn.com\/\" data-type=\"page\" data-id=\"9\">Trang Ch\u1ee7<\/a> \/ <a href=\"https:\/\/paprovn.com\/?page_id=60\" data-type=\"page\" data-id=\"60\">S\u1ea3n Ph\u1ea9m <\/a>\/ KH\u0102N R\u00daT<\/h5>\n\n\n\n<h3 class=\"wp-block-heading has-text-align-center\">KH\u0102N R\u00daT<\/h3>\n<\/div><\/div>\n\n\n\n<div class=\"wp-block-uagb-container uagb-block-9c937aee alignfull uagb-is-root-container\"><div class=\"uagb-container-inner-blocks-wrap\">\n<div class=\"wp-block-media-text is-stacked-on-mobile is-vertically-aligned-center\" style=\"border-width:1px;border-top-left-radius:20px;border-top-right-radius:20px;border-bottom-left-radius:20px;border-bottom-right-radius:20px;padding-top:var(--wp--preset--spacing--40);padding-right:var(--wp--preset--spacing--40);padding-bottom:var(--wp--preset--spacing--40);padding-left:var(--wp--preset--spacing--40)\"><figure class=\"wp-block-media-text__media\"><img loading=\"lazy\" decoding=\"async\" width=\"617\" height=\"585\" src=\"https:\/\/paprovn.com\/wp-content\/uploads\/2026\/01\/72.png\" alt=\"\" class=\"wp-image-260 size-full\" srcset=\"https:\/\/paprovn.com\/wp-content\/uploads\/2026\/01\/72.png 617w, https:\/\/paprovn.com\/wp-content\/uploads\/2026\/01\/72-300x284.png 300w\" sizes=\"auto, (max-width: 617px) 100vw, 617px\" \/><\/figure><div class=\"wp-block-media-text__content\">\n<h6 class=\"wp-block-heading\">KH\u0102N R\u00daT H\u1ed8P CHIPCHIP<\/h6>\n\n\n\n<p class=\"has-ast-global-color-8-color has-text-color has-link-color wp-elements-102c61faf3ca461bbeb4141c5bc65915\">Quy c\u00e1ch \u0111\u00f3ng g\u00f3i:<br>180 t\u1edd\/ h\u1ed9p, 5 h\u1ed9p\/ d\u00e2y, 40 h\u1ed9p\/ th\u00f9ng<\/p>\n<\/div><\/div>\n\n\n\n<div class=\"wp-block-media-text is-stacked-on-mobile is-vertically-aligned-center\" style=\"border-width:1px;border-top-left-radius:20px;border-top-right-radius:20px;border-bottom-left-radius:20px;border-bottom-right-radius:20px;padding-top:var(--wp--preset--spacing--40);padding-right:var(--wp--preset--spacing--40);padding-bottom:var(--wp--preset--spacing--40);padding-left:var(--wp--preset--spacing--40)\"><figure class=\"wp-block-media-text__media\"><img loading=\"lazy\" decoding=\"async\" width=\"617\" height=\"418\" src=\"https:\/\/paprovn.com\/wp-content\/uploads\/2026\/01\/83.png\" alt=\"\" class=\"wp-image-261 size-full\" srcset=\"https:\/\/paprovn.com\/wp-content\/uploads\/2026\/01\/83.png 617w, https:\/\/paprovn.com\/wp-content\/uploads\/2026\/01\/83-300x203.png 300w\" sizes=\"auto, (max-width: 617px) 100vw, 617px\" \/><\/figure><div class=\"wp-block-media-text__content\">\n<h6 class=\"wp-block-heading\">KH\u0102N GI\u1ea4Y L\u1ee4A CAO C\u1ea4P CHIPCHIP<\/h6>\n\n\n\n<p class=\"has-ast-global-color-8-color has-text-color has-link-color wp-elements-1345d24caf24a92b4735897c302a5745\">Quy c\u00e1ch \u0111\u00f3ng g\u00f3i:<br>285 t\u1edd\/ h\u1ed9p, 5 g\u00f3i\/ d\u00e2y, 40 g\u00f3i\/ th\u00f9ng<\/p>\n<\/div><\/div>\n<\/div><\/div>\n\n\n\n<div class=\"wp-block-uagb-container uagb-block-fbcd03d9 alignfull uagb-is-root-container\"><div class=\"uagb-container-inner-blocks-wrap\">\n<div class=\"wp-block-media-text is-stacked-on-mobile is-vertically-aligned-center\" style=\"border-width:1px;border-top-left-radius:20px;border-top-right-radius:20px;border-bottom-left-radius:20px;border-bottom-right-radius:20px;padding-top:var(--wp--preset--spacing--40);padding-right:var(--wp--preset--spacing--40);padding-bottom:var(--wp--preset--spacing--40);padding-left:var(--wp--preset--spacing--40)\"><figure class=\"wp-block-media-text__media\"><img loading=\"lazy\" decoding=\"async\" width=\"819\" height=\"536\" src=\"https:\/\/paprovn.com\/wp-content\/uploads\/2026\/01\/89.jpg\" alt=\"\" class=\"wp-image-262 size-full\" srcset=\"https:\/\/paprovn.com\/wp-content\/uploads\/2026\/01\/89.jpg 819w, https:\/\/paprovn.com\/wp-content\/uploads\/2026\/01\/89-300x196.jpg 300w, https:\/\/paprovn.com\/wp-content\/uploads\/2026\/01\/89-768x503.jpg 768w\" sizes=\"auto, (max-width: 819px) 100vw, 819px\" \/><\/figure><div class=\"wp-block-media-text__content\">\n<h6 class=\"wp-block-heading\">KH\u0102N GI\u1ea4Y L\u1ee4A CAO C\u1ea4P CHIPCHIP<\/h6>\n\n\n\n<p class=\"has-ast-global-color-8-color has-text-color has-link-color wp-elements-4714e0f094db4b6bb310efa245f3a660\">Quy c\u00e1ch \u0111\u00f3ng g\u00f3i:<br>480 t\u1edd\/ h\u1ed9p, 6 g\u00f3i\/ d\u00e2y, 60 g\u00f3i\/ th\u00f9ng<\/p>\n\n\n\n<p><\/p>\n<\/div><\/div>\n\n\n\n<div class=\"wp-block-media-text is-stacked-on-mobile is-vertically-aligned-center\" style=\"border-width:1px;border-top-left-radius:20px;border-top-right-radius:20px;border-bottom-left-radius:20px;border-bottom-right-radius:20px;padding-top:var(--wp--preset--spacing--40);padding-right:var(--wp--preset--spacing--40);padding-bottom:var(--wp--preset--spacing--40);padding-left:var(--wp--preset--spacing--40)\"><figure class=\"wp-block-media-text__media\"><img loading=\"lazy\" decoding=\"async\" width=\"626\" height=\"537\" src=\"https:\/\/paprovn.com\/wp-content\/uploads\/2026\/01\/90.jpg\" alt=\"\" class=\"wp-image-263 size-full\" srcset=\"https:\/\/paprovn.com\/wp-content\/uploads\/2026\/01\/90.jpg 626w, https:\/\/paprovn.com\/wp-content\/uploads\/2026\/01\/90-300x257.jpg 300w\" sizes=\"auto, (max-width: 626px) 100vw, 626px\" \/><\/figure><div class=\"wp-block-media-text__content\">\n<h6 class=\"wp-block-heading\">KH\u0102N GI\u1ea4Y L\u1ee4A CAO C\u1ea4P CHIPCHIP<\/h6>\n\n\n\n<p class=\"has-ast-global-color-8-color has-text-color has-link-color wp-elements-11e95c1c6193486c8f3a7cef9524c80f\">Quy c\u00e1ch \u0111\u00f3ng g\u00f3i:<br>300 t\u1edd\/ h\u1ed9p, 10 g\u00f3i\/ d\u00e2y, 100 g\u00f3i\/ th\u00f9ng<\/p>\n\n\n\n<p><\/p>\n<\/div><\/div>\n<\/div><\/div>\n","protected":false},"excerpt":{"rendered":"<p>Trang Ch\u1ee7 \/ S\u1ea3n Ph\u1ea9m \/ KH\u0102N R\u00daT KH\u0102N R\u00daT KH\u0102N R\u00daT H\u1ed8P CHIPCHIP Quy c\u00e1ch \u0111\u00f3ng g\u00f3i:180 t\u1edd\/ h\u1ed9p, 5 h\u1ed9p\/ d\u00e2y, 40 h\u1ed9p\/ th\u00f9ng KH\u0102N GI\u1ea4Y L\u1ee4A CAO C\u1ea4P CHIPCHIP Quy c\u00e1ch \u0111\u00f3ng g\u00f3i:285 t\u1edd\/ h\u1ed9p, 5 g\u00f3i\/ d\u00e2y, 40 g\u00f3i\/ th\u00f9ng KH\u0102N GI\u1ea4Y L\u1ee4A CAO C\u1ea4P CHIPCHIP Quy c\u00e1ch \u0111\u00f3ng g\u00f3i:480 t\u1edd\/ [&hellip;]<\/p>\n","protected":false},"author":1,"featured_media":0,"parent":0,"menu_order":0,"comment_status":"closed","ping_status":"closed","template":"","meta":{"_uag_custom_page_level_css":"","site-sidebar-layout":"default","site-content-layout":"","ast-site-content-layout":"default","site-content-style":"default","site-sidebar-style":"default","ast-global-header-display":"","ast-banner-title-visibility":"","ast-main-header-display":"","ast-hfb-above-header-display":"","ast-hfb-below-header-display":"","ast-hfb-mobile-header-display":"","site-post-title":"disabled","ast-breadcrumbs-content":"","ast-featured-img":"","footer-sml-layout":"","ast-disable-related-posts":"","theme-transparent-header-meta":"","adv-header-id-meta":"","stick-header-meta":"","header-above-stick-meta":"","header-main-stick-meta":"","header-below-stick-meta":"","astra-migrate-meta-layouts":"default","ast-page-background-enabled":"default","ast-page-background-meta":{"desktop":{"background-color":"var(--ast-global-color-5)","background-image":"","background-repeat":"repeat","background-position":"center center","background-size":"auto","background-attachment":"scroll","background-type":"","background-media":"","overlay-type":"","overlay-color":"","overlay-opacity":"","overlay-gradient":""},"tablet":{"background-color":"","background-image":"","background-repeat":"repeat","background-position":"center center","background-size":"auto","background-attachment":"scroll","background-type":"","background-media":"","overlay-type":"","overlay-color":"","overlay-opacity":"","overlay-gradient":""},"mobile":{"background-color":"","background-image":"","background-repeat":"repeat","background-position":"center center","background-size":"auto","background-attachment":"scroll","background-type":"","background-media":"","overlay-type":"","overlay-color":"","overlay-opacity":"","overlay-gradient":""}},"ast-content-background-meta":{"desktop":{"background-color":"var(--ast-global-color-4)","background-image":"","background-repeat":"repeat","background-position":"center center","background-size":"auto","background-attachment":"scroll","background-type":"","background-media":"","overlay-type":"","overlay-color":"","overlay-opacity":"","overlay-gradient":""},"tablet":{"background-color":"var(--ast-global-color-4)","background-image":"","background-repeat":"repeat","background-position":"center center","background-size":"auto","background-attachment":"scroll","background-type":"","background-media":"","overlay-type":"","overlay-color":"","overlay-opacity":"","overlay-gradient":""},"mobile":{"background-color":"var(--ast-global-color-4)","background-image":"","background-repeat":"repeat","background-position":"center center","background-size":"auto","background-attachment":"scroll","background-type":"","background-media":"","overlay-type":"","overlay-color":"","overlay-opacity":"","overlay-gradient":""}},"footnotes":""},"class_list":["post-259","page","type-page","status-publish","hentry"],"uagb_featured_image_src":{"full":false,"thumbnail":false,"medium":false,"medium_large":false,"large":false,"1536x1536":false,"2048x2048":false},"uagb_author_info":{"display_name":"admin","author_link":"https:\/\/paprovn.com\/?author=1"},"uagb_comment_info":0,"uagb_excerpt":"Trang Ch\u1ee7 \/ S\u1ea3n Ph\u1ea9m \/ KH\u0102N R\u00daT KH\u0102N R\u00daT KH\u0102N R\u00daT H\u1ed8P CHIPCHIP Quy c\u00e1ch \u0111\u00f3ng g\u00f3i:180 t\u1edd\/ h\u1ed9p, 5 h\u1ed9p\/ d\u00e2y, 40 h\u1ed9p\/ th\u00f9ng KH\u0102N GI\u1ea4Y L\u1ee4A CAO C\u1ea4P CHIPCHIP Quy c\u00e1ch \u0111\u00f3ng g\u00f3i:285 t\u1edd\/ h\u1ed9p, 5 g\u00f3i\/ d\u00e2y, 40 g\u00f3i\/ th\u00f9ng KH\u0102N GI\u1ea4Y L\u1ee4A CAO C\u1ea4P CHIPCHIP Quy c\u00e1ch \u0111\u00f3ng g\u00f3i:480 t\u1edd\/&hellip;","_links":{"self":[{"href":"https:\/\/paprovn.com\/index.php?rest_route=\/wp\/v2\/pages\/259","targetHints":{"allow":["GET"]}}],"collection":[{"href":"https:\/\/paprovn.com\/index.php?rest_route=\/wp\/v2\/pages"}],"about":[{"href":"https:\/\/paprovn.com\/index.php?rest_route=\/wp\/v2\/types\/page"}],"author":[{"embeddable":true,"href":"https:\/\/paprovn.com\/index.php?rest_route=\/wp\/v2\/users\/1"}],"replies":[{"embeddable":true,"href":"https:\/\/paprovn.com\/index.php?rest_route=%2Fwp%2Fv2%2Fcomments&post=259"}],"version-history":[{"count":2,"href":"https:\/\/paprovn.com\/index.php?rest_route=\/wp\/v2\/pages\/259\/revisions"}],"predecessor-version":[{"id":395,"href":"https:\/\/paprovn.com\/index.php?rest_route=\/wp\/v2\/pages\/259\/revisions\/395"}],"wp:attachment":[{"href":"https:\/\/paprovn.com\/index.php?rest_route=%2Fwp%2Fv2%2Fmedia&parent=259"}],"curies":[{"name":"wp","href":"https:\/\/api.w.org\/{rel}","templated":true}]}}