{"id":211,"date":"2026-01-22T12:55:11","date_gmt":"2026-01-22T12:55:11","guid":{"rendered":"https:\/\/paprovn.com\/?page_id=211"},"modified":"2026-01-23T13:46:18","modified_gmt":"2026-01-23T13:46:18","slug":"giay-ve-sinh-cuon-gia-dinh-va-cong-nghiep","status":"publish","type":"page","link":"https:\/\/paprovn.com\/?page_id=211","title":{"rendered":"GI\u1ea4Y V\u1ec6 SINH CU\u1ed8N GIA \u0110\u00ccNH V\u00c0 C\u00d4NG NGHI\u1ec6P"},"content":{"rendered":"\n<div class=\"wp-block-uagb-container uagb-block-f324764c alignfull uagb-is-root-container\"><div class=\"uagb-container-inner-blocks-wrap\">\n<h5 class=\"wp-block-heading alignwide has-vivid-cyan-blue-background-color has-background has-small-font-size\"><a href=\"https:\/\/paprovn.com\/\" data-type=\"page\" data-id=\"9\">Trang Ch\u1ee7<\/a> \/ <a href=\"https:\/\/paprovn.com\/?page_id=60\" data-type=\"page\" data-id=\"60\">S\u1ea3n Ph\u1ea9m <\/a>\/ GI\u1ea4Y V\u1ec6 SINH CU\u1ed8N GIA \u0110\u00ccNH V\u00c0 C\u00d4NG NGHI\u1ec6P<\/h5>\n\n\n\n<h3 class=\"wp-block-heading has-text-align-center\">GI\u1ea4Y V\u1ec6 SINH CU\u1ed8N GIA \u0110\u00ccNH V\u00c0 C\u00d4NG NGHI\u1ec6P<\/h3>\n<\/div><\/div>\n\n\n\n<div class=\"wp-block-uagb-container uagb-block-9c937aee alignfull uagb-is-root-container\"><div class=\"uagb-container-inner-blocks-wrap\">\n<div class=\"wp-block-media-text is-stacked-on-mobile is-vertically-aligned-center\" style=\"border-width:1px;border-top-left-radius:20px;border-top-right-radius:20px;border-bottom-left-radius:20px;border-bottom-right-radius:20px;padding-top:var(--wp--preset--spacing--40);padding-right:var(--wp--preset--spacing--40);padding-bottom:var(--wp--preset--spacing--40);padding-left:var(--wp--preset--spacing--40)\"><figure class=\"wp-block-media-text__media\"><img decoding=\"async\" src=\"https:\/\/paprovn.com\/wp-content\/uploads\/2026\/01\/19.png\" alt=\"\"\/><\/figure><div class=\"wp-block-media-text__content\">\n<h6 class=\"wp-block-heading\">GI\u1ea4Y V\u1ec6 SINH CAO C\u1ea4P<br>CHARPI M\u00c0U T\u00cdM C\u00d3 L\u00d5I<\/h6>\n\n\n\n<p class=\"has-ast-global-color-8-color has-text-color has-link-color wp-elements-5b83506961530db44c7cb9a0d206ba88\">Quy c\u00e1ch \u0111\u00f3ng g\u00f3i:<br>10 cu\u1ed9n\/ d\u00e2y, 10 d\u00e2y\/ b\u1ecbch<\/p>\n\n\n\n<p><\/p>\n<\/div><\/div>\n\n\n\n<div class=\"wp-block-media-text is-stacked-on-mobile is-vertically-aligned-center\" style=\"border-width:1px;border-top-left-radius:20px;border-top-right-radius:20px;border-bottom-left-radius:20px;border-bottom-right-radius:20px;padding-top:var(--wp--preset--spacing--40);padding-right:var(--wp--preset--spacing--40);padding-bottom:var(--wp--preset--spacing--40);padding-left:var(--wp--preset--spacing--40)\"><figure class=\"wp-block-media-text__media\"><img loading=\"lazy\" decoding=\"async\" width=\"903\" height=\"357\" src=\"https:\/\/paprovn.com\/wp-content\/uploads\/2026\/01\/30.png\" alt=\"\" class=\"wp-image-205 size-full\" srcset=\"https:\/\/paprovn.com\/wp-content\/uploads\/2026\/01\/30.png 903w, https:\/\/paprovn.com\/wp-content\/uploads\/2026\/01\/30-300x119.png 300w, https:\/\/paprovn.com\/wp-content\/uploads\/2026\/01\/30-768x304.png 768w, https:\/\/paprovn.com\/wp-content\/uploads\/2026\/01\/30-600x237.png 600w\" sizes=\"auto, (max-width: 903px) 100vw, 903px\" \/><\/figure><div class=\"wp-block-media-text__content\">\n<h6 class=\"wp-block-heading\">GI\u1ea4Y V\u1ec6 SINH CAO C\u1ea4P<br>CHARPI M\u00c0U XANH KH\u00d4NG L\u00d5I<\/h6>\n\n\n\n<p class=\"has-ast-global-color-8-color has-text-color has-link-color wp-elements-5b83506961530db44c7cb9a0d206ba88\">Quy c\u00e1ch \u0111\u00f3ng g\u00f3i:<br>10 cu\u1ed9n\/ d\u00e2y, 10 d\u00e2y\/ b\u1ecbch<\/p>\n\n\n\n<p><\/p>\n<\/div><\/div>\n<\/div><\/div>\n\n\n\n<div class=\"wp-block-uagb-container uagb-block-fbcd03d9 alignfull uagb-is-root-container\"><div class=\"uagb-container-inner-blocks-wrap\">\n<div class=\"wp-block-media-text is-stacked-on-mobile is-vertically-aligned-center\" style=\"border-width:1px;border-top-left-radius:20px;border-top-right-radius:20px;border-bottom-left-radius:20px;border-bottom-right-radius:20px;padding-top:var(--wp--preset--spacing--40);padding-right:var(--wp--preset--spacing--40);padding-bottom:var(--wp--preset--spacing--40);padding-left:var(--wp--preset--spacing--40)\"><figure class=\"wp-block-media-text__media\"><img loading=\"lazy\" decoding=\"async\" width=\"940\" height=\"333\" src=\"https:\/\/paprovn.com\/wp-content\/uploads\/2026\/01\/31.png\" alt=\"\" class=\"wp-image-220 size-full\" srcset=\"https:\/\/paprovn.com\/wp-content\/uploads\/2026\/01\/31.png 940w, https:\/\/paprovn.com\/wp-content\/uploads\/2026\/01\/31-300x106.png 300w, https:\/\/paprovn.com\/wp-content\/uploads\/2026\/01\/31-768x272.png 768w\" sizes=\"auto, (max-width: 940px) 100vw, 940px\" \/><\/figure><div class=\"wp-block-media-text__content\">\n<h6 class=\"wp-block-heading\">GI\u1ea4Y V\u1ec6 SINH CHARPI  ECONOMY<br>M\u00c0U XANH D\u01af\u01a0NG C\u00d3 L\u00d5I<\/h6>\n\n\n\n<p class=\"has-ast-global-color-8-color has-text-color has-link-color wp-elements-5b83506961530db44c7cb9a0d206ba88\">Quy c\u00e1ch \u0111\u00f3ng g\u00f3i:<br>10 cu\u1ed9n\/ d\u00e2y, 10 d\u00e2y\/ b\u1ecbch<\/p>\n\n\n\n<p><\/p>\n<\/div><\/div>\n\n\n\n<div class=\"wp-block-media-text is-stacked-on-mobile is-vertically-aligned-center\" style=\"border-width:1px;border-top-left-radius:20px;border-top-right-radius:20px;border-bottom-left-radius:20px;border-bottom-right-radius:20px;padding-top:var(--wp--preset--spacing--40);padding-right:var(--wp--preset--spacing--40);padding-bottom:var(--wp--preset--spacing--40);padding-left:var(--wp--preset--spacing--40)\"><figure class=\"wp-block-media-text__media\"><img loading=\"lazy\" decoding=\"async\" width=\"1024\" height=\"414\" src=\"https:\/\/paprovn.com\/wp-content\/uploads\/2026\/01\/34-1024x414.png\" alt=\"\" class=\"wp-image-223 size-full\" srcset=\"https:\/\/paprovn.com\/wp-content\/uploads\/2026\/01\/34-1024x414.png 1024w, https:\/\/paprovn.com\/wp-content\/uploads\/2026\/01\/34-300x121.png 300w, https:\/\/paprovn.com\/wp-content\/uploads\/2026\/01\/34-768x310.png 768w, https:\/\/paprovn.com\/wp-content\/uploads\/2026\/01\/34.png 1227w\" sizes=\"auto, (max-width: 1024px) 100vw, 1024px\" \/><\/figure><div class=\"wp-block-media-text__content\">\n<h6 class=\"wp-block-heading\">GI\u1ea4Y V\u1ec6 SINH CHARPI ECONOMY<br>M\u00c0U XANH KH\u00d4NG L\u00d5I<\/h6>\n\n\n\n<p class=\"has-ast-global-color-8-color has-text-color has-link-color wp-elements-5b83506961530db44c7cb9a0d206ba88\">Quy c\u00e1ch \u0111\u00f3ng g\u00f3i:<br>10 cu\u1ed9n\/ d\u00e2y, 10 d\u00e2y\/ b\u1ecbch<\/p>\n\n\n\n<p><\/p>\n<\/div><\/div>\n<\/div><\/div>\n\n\n\n<div class=\"wp-block-uagb-container uagb-block-43d482f3 alignfull uagb-is-root-container\"><div class=\"uagb-container-inner-blocks-wrap\">\n<div class=\"wp-block-media-text is-stacked-on-mobile is-vertically-aligned-center\" style=\"border-width:1px;border-top-left-radius:20px;border-top-right-radius:20px;border-bottom-left-radius:20px;border-bottom-right-radius:20px;padding-top:var(--wp--preset--spacing--40);padding-right:var(--wp--preset--spacing--40);padding-bottom:var(--wp--preset--spacing--40);padding-left:var(--wp--preset--spacing--40)\"><figure class=\"wp-block-media-text__media\"><img loading=\"lazy\" decoding=\"async\" width=\"870\" height=\"369\" src=\"https:\/\/paprovn.com\/wp-content\/uploads\/2026\/01\/40.png\" alt=\"\" class=\"wp-image-230 size-full\" srcset=\"https:\/\/paprovn.com\/wp-content\/uploads\/2026\/01\/40.png 870w, https:\/\/paprovn.com\/wp-content\/uploads\/2026\/01\/40-300x127.png 300w, https:\/\/paprovn.com\/wp-content\/uploads\/2026\/01\/40-768x326.png 768w\" sizes=\"auto, (max-width: 870px) 100vw, 870px\" \/><\/figure><div class=\"wp-block-media-text__content\">\n<h6 class=\"wp-block-heading\">GI\u1ea4Y V\u1ec6 SINH CHIPCHIP<br>M\u00c0U XANH C\u00d3 L\u00d5I<\/h6>\n\n\n\n<p class=\"has-ast-global-color-8-color has-text-color has-link-color wp-elements-5b83506961530db44c7cb9a0d206ba88\">Quy c\u00e1ch \u0111\u00f3ng g\u00f3i:<br>10 cu\u1ed9n\/ d\u00e2y, 10 d\u00e2y\/ b\u1ecbch<\/p>\n\n\n\n<p><\/p>\n<\/div><\/div>\n\n\n\n<div class=\"wp-block-media-text is-stacked-on-mobile is-vertically-aligned-center\" style=\"border-width:1px;border-top-left-radius:20px;border-top-right-radius:20px;border-bottom-left-radius:20px;border-bottom-right-radius:20px;padding-top:var(--wp--preset--spacing--40);padding-right:var(--wp--preset--spacing--40);padding-bottom:var(--wp--preset--spacing--40);padding-left:var(--wp--preset--spacing--40)\"><figure class=\"wp-block-media-text__media\"><img loading=\"lazy\" decoding=\"async\" width=\"873\" height=\"359\" src=\"https:\/\/paprovn.com\/wp-content\/uploads\/2026\/01\/43.png\" alt=\"\" class=\"wp-image-231 size-full\" srcset=\"https:\/\/paprovn.com\/wp-content\/uploads\/2026\/01\/43.png 873w, https:\/\/paprovn.com\/wp-content\/uploads\/2026\/01\/43-300x123.png 300w, https:\/\/paprovn.com\/wp-content\/uploads\/2026\/01\/43-768x316.png 768w\" sizes=\"auto, (max-width: 873px) 100vw, 873px\" \/><\/figure><div class=\"wp-block-media-text__content\">\n<h6 class=\"wp-block-heading\">GI\u1ea4Y V\u1ec6 SINH CHIPCHIP<br>M\u00c0U XANH KH\u00d4NG L\u00d5I<\/h6>\n\n\n\n<p class=\"has-ast-global-color-8-color has-text-color has-link-color wp-elements-5b83506961530db44c7cb9a0d206ba88\">Quy c\u00e1ch \u0111\u00f3ng g\u00f3i:<br>10 cu\u1ed9n\/ d\u00e2y, 10 d\u00e2y\/ b\u1ecbch<\/p>\n\n\n\n<p><\/p>\n<\/div><\/div>\n<\/div><\/div>\n\n\n\n<div class=\"wp-block-uagb-container uagb-block-c3a56ecc alignfull uagb-is-root-container\"><div class=\"uagb-container-inner-blocks-wrap\">\n<div class=\"wp-block-media-text is-stacked-on-mobile is-vertically-aligned-center\" style=\"border-width:1px;border-top-left-radius:20px;border-top-right-radius:20px;border-bottom-left-radius:20px;border-bottom-right-radius:20px;padding-top:var(--wp--preset--spacing--40);padding-right:var(--wp--preset--spacing--40);padding-bottom:var(--wp--preset--spacing--40);padding-left:var(--wp--preset--spacing--40)\"><figure class=\"wp-block-media-text__media\"><img loading=\"lazy\" decoding=\"async\" width=\"979\" height=\"385\" src=\"https:\/\/paprovn.com\/wp-content\/uploads\/2026\/01\/49.png\" alt=\"\" class=\"wp-image-232 size-full\" srcset=\"https:\/\/paprovn.com\/wp-content\/uploads\/2026\/01\/49.png 979w, https:\/\/paprovn.com\/wp-content\/uploads\/2026\/01\/49-300x118.png 300w, https:\/\/paprovn.com\/wp-content\/uploads\/2026\/01\/49-768x302.png 768w\" sizes=\"auto, (max-width: 979px) 100vw, 979px\" \/><\/figure><div class=\"wp-block-media-text__content\">\n<h6 class=\"wp-block-heading\">GI\u1ea4Y V\u1ec6 SINH CHIPCHIP<br>CU\u1ed8N NH\u1ece M\u00c0U H\u1ed2NG C\u00d3 L\u00d5I<\/h6>\n\n\n\n<p class=\"has-ast-global-color-8-color has-text-color has-link-color wp-elements-5b83506961530db44c7cb9a0d206ba88\">Quy c\u00e1ch \u0111\u00f3ng g\u00f3i:<br>10 cu\u1ed9n\/ d\u00e2y, 10 d\u00e2y\/ b\u1ecbch<\/p>\n\n\n\n<p><\/p>\n<\/div><\/div>\n\n\n\n<div class=\"wp-block-media-text is-stacked-on-mobile is-vertically-aligned-center\" style=\"border-width:1px;border-top-left-radius:20px;border-top-right-radius:20px;border-bottom-left-radius:20px;border-bottom-right-radius:20px;padding-top:var(--wp--preset--spacing--40);padding-right:var(--wp--preset--spacing--40);padding-bottom:var(--wp--preset--spacing--40);padding-left:var(--wp--preset--spacing--40)\"><figure class=\"wp-block-media-text__media\"><img loading=\"lazy\" decoding=\"async\" width=\"901\" height=\"347\" src=\"https:\/\/paprovn.com\/wp-content\/uploads\/2026\/01\/52.png\" alt=\"\" class=\"wp-image-234 size-full\" srcset=\"https:\/\/paprovn.com\/wp-content\/uploads\/2026\/01\/52.png 901w, https:\/\/paprovn.com\/wp-content\/uploads\/2026\/01\/52-300x116.png 300w, https:\/\/paprovn.com\/wp-content\/uploads\/2026\/01\/52-768x296.png 768w\" sizes=\"auto, (max-width: 901px) 100vw, 901px\" \/><\/figure><div class=\"wp-block-media-text__content\">\n<h6 class=\"wp-block-heading\">GI\u1ea4Y V\u1ec6 SINH CHIPCHIP CU\u1ed8N NH\u1ece M\u00c0U H\u1ed2NG KH\u00d4NG L\u00d5<\/h6>\n\n\n\n<p class=\"has-ast-global-color-8-color has-text-color has-link-color wp-elements-5b83506961530db44c7cb9a0d206ba88\">Quy c\u00e1ch \u0111\u00f3ng g\u00f3i:<br>10 cu\u1ed9n\/ d\u00e2y, 10 d\u00e2y\/ b\u1ecbch<\/p>\n\n\n\n<p><\/p>\n<\/div><\/div>\n<\/div><\/div>\n\n\n\n<div class=\"wp-block-uagb-container uagb-block-3b761351 alignfull uagb-is-root-container\"><div class=\"uagb-container-inner-blocks-wrap\">\n<div class=\"wp-block-media-text is-stacked-on-mobile is-vertically-aligned-center\" style=\"border-width:1px;border-top-left-radius:20px;border-top-right-radius:20px;border-bottom-left-radius:20px;border-bottom-right-radius:20px;padding-top:var(--wp--preset--spacing--40);padding-right:var(--wp--preset--spacing--40);padding-bottom:var(--wp--preset--spacing--40);padding-left:var(--wp--preset--spacing--40)\"><figure class=\"wp-block-media-text__media\"><img loading=\"lazy\" decoding=\"async\" width=\"979\" height=\"385\" src=\"https:\/\/paprovn.com\/wp-content\/uploads\/2026\/01\/49.png\" alt=\"\" class=\"wp-image-232 size-full\" srcset=\"https:\/\/paprovn.com\/wp-content\/uploads\/2026\/01\/49.png 979w, https:\/\/paprovn.com\/wp-content\/uploads\/2026\/01\/49-300x118.png 300w, https:\/\/paprovn.com\/wp-content\/uploads\/2026\/01\/49-768x302.png 768w\" sizes=\"auto, (max-width: 979px) 100vw, 979px\" \/><\/figure><div class=\"wp-block-media-text__content\">\n<h6 class=\"wp-block-heading\">GI\u1ea4Y V\u1ec6 SINH CHIPCHIP MEGAROLL M\u00c0U H\u1ed2NG C\u00d3<br> L\u00d5I<\/h6>\n\n\n\n<p class=\"has-ast-global-color-8-color has-text-color has-link-color wp-elements-5b83506961530db44c7cb9a0d206ba88\">Quy c\u00e1ch \u0111\u00f3ng g\u00f3i:<br>10 cu\u1ed9n\/ d\u00e2y, 10 d\u00e2y\/ b\u1ecbch<\/p>\n\n\n\n<p><\/p>\n<\/div><\/div>\n\n\n\n<div class=\"wp-block-media-text is-stacked-on-mobile is-vertically-aligned-center\" style=\"border-width:1px;border-top-left-radius:20px;border-top-right-radius:20px;border-bottom-left-radius:20px;border-bottom-right-radius:20px;padding-top:var(--wp--preset--spacing--40);padding-right:var(--wp--preset--spacing--40);padding-bottom:var(--wp--preset--spacing--40);padding-left:var(--wp--preset--spacing--40)\"><figure class=\"wp-block-media-text__media\"><img loading=\"lazy\" decoding=\"async\" width=\"901\" height=\"347\" src=\"https:\/\/paprovn.com\/wp-content\/uploads\/2026\/01\/52.png\" alt=\"\" class=\"wp-image-234 size-full\" srcset=\"https:\/\/paprovn.com\/wp-content\/uploads\/2026\/01\/52.png 901w, https:\/\/paprovn.com\/wp-content\/uploads\/2026\/01\/52-300x116.png 300w, https:\/\/paprovn.com\/wp-content\/uploads\/2026\/01\/52-768x296.png 768w\" sizes=\"auto, (max-width: 901px) 100vw, 901px\" \/><\/figure><div class=\"wp-block-media-text__content\">\n<h6 class=\"wp-block-heading\">GI\u1ea4Y V\u1ec6 SINH CHIPCHIP MEGAROLL M\u00c0U H\u1ed2NG KH\u00d4NG L\u00d5I<\/h6>\n\n\n\n<p class=\"has-ast-global-color-8-color has-text-color has-link-color wp-elements-5b83506961530db44c7cb9a0d206ba88\">Quy c\u00e1ch \u0111\u00f3ng g\u00f3i:<br>10 cu\u1ed9n\/ d\u00e2y, 10 d\u00e2y\/ b\u1ecbch<\/p>\n\n\n\n<p><\/p>\n<\/div><\/div>\n<\/div><\/div>\n\n\n\n<div class=\"wp-block-uagb-container uagb-block-dc547da9 alignfull uagb-is-root-container\"><div class=\"uagb-container-inner-blocks-wrap\">\n<div class=\"wp-block-media-text is-stacked-on-mobile is-vertically-aligned-center\" style=\"border-width:1px;border-top-left-radius:20px;border-top-right-radius:20px;border-bottom-left-radius:20px;border-bottom-right-radius:20px;padding-top:var(--wp--preset--spacing--40);padding-right:var(--wp--preset--spacing--40);padding-bottom:var(--wp--preset--spacing--40);padding-left:var(--wp--preset--spacing--40)\"><figure class=\"wp-block-media-text__media\"><img loading=\"lazy\" decoding=\"async\" width=\"721\" height=\"503\" src=\"https:\/\/paprovn.com\/wp-content\/uploads\/2026\/01\/58.png\" alt=\"\" class=\"wp-image-241 size-full\" srcset=\"https:\/\/paprovn.com\/wp-content\/uploads\/2026\/01\/58.png 721w, https:\/\/paprovn.com\/wp-content\/uploads\/2026\/01\/58-300x209.png 300w\" sizes=\"auto, (max-width: 721px) 100vw, 721px\" \/><\/figure><div class=\"wp-block-media-text__content\">\n<h6 class=\"wp-block-heading\">GI\u1ea4Y V\u1ec6 SINH CHIPCHIP<br>CU\u1ed8N L\u1edaN<\/h6>\n\n\n\n<p class=\"has-ast-global-color-8-color has-text-color has-link-color wp-elements-98199dd07801a31d41bc561cb0d6b1cc\">Quy c\u00e1ch \u0111\u00f3ng g\u00f3i:<br>700 gram\/ cu\u1ed9n, 10 cu\u1ed9n\/ t\u00fai<\/p>\n\n\n\n<p><\/p>\n<\/div><\/div>\n\n\n\n<div class=\"wp-block-media-text is-stacked-on-mobile is-vertically-aligned-center\" style=\"border-width:1px;border-top-left-radius:20px;border-top-right-radius:20px;border-bottom-left-radius:20px;border-bottom-right-radius:20px;padding-top:var(--wp--preset--spacing--40);padding-right:var(--wp--preset--spacing--40);padding-bottom:var(--wp--preset--spacing--40);padding-left:var(--wp--preset--spacing--40)\"><figure class=\"wp-block-media-text__media\"><img loading=\"lazy\" decoding=\"async\" width=\"721\" height=\"503\" src=\"https:\/\/paprovn.com\/wp-content\/uploads\/2026\/01\/58.png\" alt=\"\" class=\"wp-image-241 size-full\" srcset=\"https:\/\/paprovn.com\/wp-content\/uploads\/2026\/01\/58.png 721w, https:\/\/paprovn.com\/wp-content\/uploads\/2026\/01\/58-300x209.png 300w\" sizes=\"auto, (max-width: 721px) 100vw, 721px\" \/><\/figure><div class=\"wp-block-media-text__content\">\n<h6 class=\"wp-block-heading\">GI\u1ea4Y V\u1ec6 SINH CHIPCHIP<br>CU\u1ed8N L\u1edaN<\/h6>\n\n\n\n<p class=\"has-ast-global-color-8-color has-text-color has-link-color wp-elements-e2d67b4089b3a2a6cd6d46e2e6541ad9\">Quy c\u00e1ch \u0111\u00f3ng g\u00f3i:<br>800 gram\/ cu\u1ed9n, 10 cu\u1ed9n\/ t\u00fai<\/p>\n\n\n\n<p><\/p>\n<\/div><\/div>\n<\/div><\/div>\n\n\n\n<div class=\"wp-block-uagb-container uagb-block-4b4bdd62 alignfull uagb-is-root-container\"><div class=\"uagb-container-inner-blocks-wrap\">\n<div class=\"wp-block-media-text is-stacked-on-mobile is-vertically-aligned-center\" style=\"border-width:1px;border-top-left-radius:20px;border-top-right-radius:20px;border-bottom-left-radius:20px;border-bottom-right-radius:20px;padding-top:var(--wp--preset--spacing--40);padding-right:var(--wp--preset--spacing--40);padding-bottom:var(--wp--preset--spacing--40);padding-left:var(--wp--preset--spacing--40)\"><figure class=\"wp-block-media-text__media\"><img loading=\"lazy\" decoding=\"async\" width=\"646\" height=\"498\" src=\"https:\/\/paprovn.com\/wp-content\/uploads\/2026\/01\/55.png\" alt=\"\" class=\"wp-image-233 size-full\" srcset=\"https:\/\/paprovn.com\/wp-content\/uploads\/2026\/01\/55.png 646w, https:\/\/paprovn.com\/wp-content\/uploads\/2026\/01\/55-300x231.png 300w\" sizes=\"auto, (max-width: 646px) 100vw, 646px\" \/><\/figure><div class=\"wp-block-media-text__content\">\n<h6 class=\"wp-block-heading\">GI\u1ea4Y V\u1ec6 SINH CHIPCHIP 6 CU\u1ed8N M\u00c0U H\u1ed2NG C\u00d3 L\u00d5I &amp; KH\u00d4NG L\u00d5I<\/h6>\n\n\n\n<p class=\"has-ast-global-color-8-color has-text-color has-link-color wp-elements-068ac565fd6e72300d862daf2dd3b82c\">Quy c\u00e1ch \u0111\u00f3ng g\u00f3i:<br>6 cu\u1ed9n\/ d\u00e2y, 12 d\u00e2y\/ b\u1ecbch<\/p>\n\n\n\n<p><\/p>\n<\/div><\/div>\n\n\n\n<div class=\"wp-block-media-text is-stacked-on-mobile is-vertically-aligned-center\" style=\"border-style:none;border-width:0px;border-top-left-radius:20px;border-top-right-radius:20px;border-bottom-left-radius:20px;border-bottom-right-radius:20px;padding-top:var(--wp--preset--spacing--40);padding-right:var(--wp--preset--spacing--40);padding-bottom:var(--wp--preset--spacing--40);padding-left:var(--wp--preset--spacing--40)\"><figure class=\"wp-block-media-text__media\"><\/figure><div class=\"wp-block-media-text__content\">\n<h6 class=\"wp-block-heading\"><\/h6>\n\n\n\n<p class=\"has-ast-global-color-8-color has-text-color has-link-color wp-elements-dcf4862251ccfec1fb9c7dc90adbb81d\"><\/p>\n\n\n\n<p><\/p>\n<\/div><\/div>\n<\/div><\/div>\n\n\n\n<p><\/p>\n","protected":false},"excerpt":{"rendered":"<p>Trang Ch\u1ee7 \/ S\u1ea3n Ph\u1ea9m \/ GI\u1ea4Y V\u1ec6 SINH CU\u1ed8N GIA \u0110\u00ccNH V\u00c0 C\u00d4NG NGHI\u1ec6P GI\u1ea4Y V\u1ec6 SINH CU\u1ed8N GIA \u0110\u00ccNH V\u00c0 C\u00d4NG NGHI\u1ec6P GI\u1ea4Y V\u1ec6 SINH CAO C\u1ea4PCHARPI M\u00c0U T\u00cdM C\u00d3 L\u00d5I Quy c\u00e1ch \u0111\u00f3ng g\u00f3i:10 cu\u1ed9n\/ d\u00e2y, 10 d\u00e2y\/ b\u1ecbch GI\u1ea4Y V\u1ec6 SINH CAO C\u1ea4PCHARPI M\u00c0U XANH KH\u00d4NG L\u00d5I Quy c\u00e1ch \u0111\u00f3ng g\u00f3i:10 [&hellip;]<\/p>\n","protected":false},"author":1,"featured_media":0,"parent":0,"menu_order":0,"comment_status":"closed","ping_status":"closed","template":"","meta":{"_uag_custom_page_level_css":"","site-sidebar-layout":"default","site-content-layout":"","ast-site-content-layout":"default","site-content-style":"default","site-sidebar-style":"default","ast-global-header-display":"","ast-banner-title-visibility":"","ast-main-header-display":"","ast-hfb-above-header-display":"","ast-hfb-below-header-display":"","ast-hfb-mobile-header-display":"","site-post-title":"disabled","ast-breadcrumbs-content":"","ast-featured-img":"","footer-sml-layout":"","ast-disable-related-posts":"","theme-transparent-header-meta":"","adv-header-id-meta":"","stick-header-meta":"","header-above-stick-meta":"","header-main-stick-meta":"","header-below-stick-meta":"","astra-migrate-meta-layouts":"default","ast-page-background-enabled":"default","ast-page-background-meta":{"desktop":{"background-color":"var(--ast-global-color-5)","background-image":"","background-repeat":"repeat","background-position":"center center","background-size":"auto","background-attachment":"scroll","background-type":"","background-media":"","overlay-type":"","overlay-color":"","overlay-opacity":"","overlay-gradient":""},"tablet":{"background-color":"","background-image":"","background-repeat":"repeat","background-position":"center center","background-size":"auto","background-attachment":"scroll","background-type":"","background-media":"","overlay-type":"","overlay-color":"","overlay-opacity":"","overlay-gradient":""},"mobile":{"background-color":"","background-image":"","background-repeat":"repeat","background-position":"center center","background-size":"auto","background-attachment":"scroll","background-type":"","background-media":"","overlay-type":"","overlay-color":"","overlay-opacity":"","overlay-gradient":""}},"ast-content-background-meta":{"desktop":{"background-color":"var(--ast-global-color-4)","background-image":"","background-repeat":"repeat","background-position":"center center","background-size":"auto","background-attachment":"scroll","background-type":"","background-media":"","overlay-type":"","overlay-color":"","overlay-opacity":"","overlay-gradient":""},"tablet":{"background-color":"var(--ast-global-color-4)","background-image":"","background-repeat":"repeat","background-position":"center center","background-size":"auto","background-attachment":"scroll","background-type":"","background-media":"","overlay-type":"","overlay-color":"","overlay-opacity":"","overlay-gradient":""},"mobile":{"background-color":"var(--ast-global-color-4)","background-image":"","background-repeat":"repeat","background-position":"center center","background-size":"auto","background-attachment":"scroll","background-type":"","background-media":"","overlay-type":"","overlay-color":"","overlay-opacity":"","overlay-gradient":""}},"footnotes":""},"class_list":["post-211","page","type-page","status-publish","hentry"],"uagb_featured_image_src":{"full":false,"thumbnail":false,"medium":false,"medium_large":false,"large":false,"1536x1536":false,"2048x2048":false},"uagb_author_info":{"display_name":"admin","author_link":"https:\/\/paprovn.com\/?author=1"},"uagb_comment_info":0,"uagb_excerpt":"Trang Ch\u1ee7 \/ S\u1ea3n Ph\u1ea9m \/ GI\u1ea4Y V\u1ec6 SINH CU\u1ed8N GIA \u0110\u00ccNH V\u00c0 C\u00d4NG NGHI\u1ec6P GI\u1ea4Y V\u1ec6 SINH CU\u1ed8N GIA \u0110\u00ccNH V\u00c0 C\u00d4NG NGHI\u1ec6P GI\u1ea4Y V\u1ec6 SINH CAO C\u1ea4PCHARPI M\u00c0U T\u00cdM C\u00d3 L\u00d5I Quy c\u00e1ch \u0111\u00f3ng g\u00f3i:10 cu\u1ed9n\/ d\u00e2y, 10 d\u00e2y\/ b\u1ecbch GI\u1ea4Y V\u1ec6 SINH CAO C\u1ea4PCHARPI M\u00c0U XANH KH\u00d4NG L\u00d5I Quy c\u00e1ch \u0111\u00f3ng g\u00f3i:10&hellip;","_links":{"self":[{"href":"https:\/\/paprovn.com\/index.php?rest_route=\/wp\/v2\/pages\/211","targetHints":{"allow":["GET"]}}],"collection":[{"href":"https:\/\/paprovn.com\/index.php?rest_route=\/wp\/v2\/pages"}],"about":[{"href":"https:\/\/paprovn.com\/index.php?rest_route=\/wp\/v2\/types\/page"}],"author":[{"embeddable":true,"href":"https:\/\/paprovn.com\/index.php?rest_route=\/wp\/v2\/users\/1"}],"replies":[{"embeddable":true,"href":"https:\/\/paprovn.com\/index.php?rest_route=%2Fwp%2Fv2%2Fcomments&post=211"}],"version-history":[{"count":27,"href":"https:\/\/paprovn.com\/index.php?rest_route=\/wp\/v2\/pages\/211\/revisions"}],"predecessor-version":[{"id":396,"href":"https:\/\/paprovn.com\/index.php?rest_route=\/wp\/v2\/pages\/211\/revisions\/396"}],"wp:attachment":[{"href":"https:\/\/paprovn.com\/index.php?rest_route=%2Fwp%2Fv2%2Fmedia&parent=211"}],"curies":[{"name":"wp","href":"https:\/\/api.w.org\/{rel}","templated":true}]}}